{"id":245325,"date":"2023-10-23T07:17:45","date_gmt":"2023-10-23T07:17:45","guid":{"rendered":"https:\/\/www.saxum.org\/?page_id=245325"},"modified":"2026-01-30T08:20:05","modified_gmt":"2026-01-30T08:20:05","slug":"donacion","status":"publish","type":"page","link":"https:\/\/www.saxum.org\/es\/donacion\/","title":{"rendered":"Donacion"},"content":{"rendered":"<p>[et_pb_section fb_built=&#8221;1&#8243; _builder_version=&#8221;4.20.4&#8243; _module_preset=&#8221;default&#8221; use_background_color_gradient=&#8221;on&#8221; background_color_gradient_stops=&#8221;rgba(0,0,0,0.1) 0%|rgba(0,0,0,0.1) 100%&#8221; background_color_gradient_overlays_image=&#8221;on&#8221; background_color_gradient_start=&#8221;rgba(0,0,0,0.1)&#8221; background_color_gradient_end=&#8221;rgba(0,0,0,0.1)&#8221; background_image=&#8221;https:\/\/www.saxum.org\/wp-content\/uploads\/2023\/04\/6555555.jpg&#8221; custom_padding=&#8221;180px||120px||false|false&#8221; global_colors_info=&#8221;{}&#8221;][et_pb_row _builder_version=&#8221;4.16&#8243; _module_preset=&#8221;default&#8221; global_colors_info=&#8221;{}&#8221;][et_pb_column type=&#8221;4_4&#8243; _builder_version=&#8221;4.16&#8243; _module_preset=&#8221;default&#8221; global_colors_info=&#8221;{}&#8221;][et_pb_post_title meta=&#8221;off&#8221; featured_image=&#8221;off&#8221; admin_label=&#8221;Post Title&#8221; _builder_version=&#8221;4.20.4&#8243; _module_preset=&#8221;default&#8221; title_text_align=&#8221;center&#8221; title_text_color=&#8221;#FFFFFF&#8221; title_font_size=&#8221;35px&#8221; custom_margin=&#8221;||0px||false|false&#8221; global_colors_info=&#8221;{}&#8221;][\/et_pb_post_title][et_pb_text _builder_version=&#8221;4.21.0&#8243; _module_preset=&#8221;default&#8221; header_3_font=&#8221;Roboto|||on|||||&#8221; header_3_text_align=&#8221;center&#8221; header_3_text_color=&#8221;#FFFFFF&#8221; header_3_font_size=&#8221;14px&#8221; header_3_letter_spacing=&#8221;2px&#8221; custom_margin=&#8221;||0px||false|false&#8221; global_colors_info=&#8221;{}&#8221;]<\/p>\n<h3>DE SAXUM VISITOR CENTER<\/h3>\n<p>[\/et_pb_text][\/et_pb_column][\/et_pb_row][\/et_pb_section][et_pb_section fb_built=&#8221;1&#8243; _builder_version=&#8221;4.16&#8243; _module_preset=&#8221;default&#8221; global_colors_info=&#8221;{}&#8221;][et_pb_row _builder_version=&#8221;4.16&#8243; _module_preset=&#8221;default&#8221; global_colors_info=&#8221;{}&#8221;][et_pb_column type=&#8221;4_4&#8243; _builder_version=&#8221;4.16&#8243; _module_preset=&#8221;default&#8221; global_colors_info=&#8221;{}&#8221;][et_pb_text _builder_version=&#8221;4.27.5&#8243; _module_preset=&#8221;default&#8221; header_3_font=&#8221;Roboto|||on|||||&#8221; header_3_text_align=&#8221;center&#8221; header_3_text_color=&#8221;#b3a369&#8243; header_3_font_size=&#8221;14px&#8221; header_3_letter_spacing=&#8221;2px&#8221; custom_margin=&#8221;||0px||false|false&#8221; global_colors_info=&#8221;{}&#8221;]<\/p>\n<h3>TU DONACI\u00d3N CONTRIBUYE CON LA MISI\u00d3N DEL SAXUM VISITOR CENTER\u200b<\/h3>\n<p>[\/et_pb_text][et_pb_text _builder_version=&#8221;4.20.4&#8243; _module_preset=&#8221;default&#8221; header_2_font=&#8221;|300|||||||&#8221; header_2_text_align=&#8221;center&#8221; header_2_font_size=&#8221;35px&#8221; header_3_font=&#8221;Roboto|||on|||||&#8221; header_3_font_size=&#8221;14px&#8221; header_3_letter_spacing=&#8221;1px&#8221; custom_margin=&#8221;||0px||false|false&#8221; global_colors_info=&#8221;{}&#8221;]<\/p>\n<h2>\u00a1Ay\u00fadanos a ayudar!<\/h2>\n<p>[\/et_pb_text][\/et_pb_column][\/et_pb_row][\/et_pb_section][et_pb_section fb_built=&#8221;1&#8243; _builder_version=&#8221;4.16&#8243; _module_preset=&#8221;default&#8221; global_colors_info=&#8221;{}&#8221;][et_pb_row column_structure=&#8221;1_2,1_2&#8243; _builder_version=&#8221;4.20.4&#8243; _module_preset=&#8221;default&#8221; global_colors_info=&#8221;{}&#8221;][et_pb_column type=&#8221;1_2&#8243; _builder_version=&#8221;4.16&#8243; _module_preset=&#8221;default&#8221; global_colors_info=&#8221;{}&#8221;][et_pb_text _builder_version=&#8221;4.27.5&#8243; _module_preset=&#8221;default&#8221; text_font=&#8221;|300|||||||&#8221; text_orientation=&#8221;justified&#8221; global_colors_info=&#8221;{}&#8221;]<\/p>\n<p><span style=\"font-weight: 400;\">Tierra Santa cambia la vida de las personas. Desde nuestro comienzo en 2019, lo tenemos bien comprobado pues lo vemos en tantos visitantes: miles de peregrinos que ahondan en sus conocimientos sobre la herencia hist\u00f3rica y espiritual de Tierra Santa. Viajeros del mundo entero se han beneficiado de la experiencia cultural y espiritual, independientemente de sus creencias, origen y contexto.\u00a0<\/span><\/p>\n<p>[\/et_pb_text][et_pb_text _builder_version=&#8221;4.27.5&#8243; _module_preset=&#8221;default&#8221; text_font=&#8221;|300|||||||&#8221; text_orientation=&#8221;justified&#8221; global_colors_info=&#8221;{}&#8221;]<\/p>\n<p><span style=\"font-weight: 400;\">Saxum es una organizaci\u00f3n sin \u00e1nimo de lucro que quiere acercar Tierra Santa a personas del mundo entero y promueve el di\u00e1logo interreligioso e intercultural a partir de la herencia com\u00fan que representa Tierra Santa.<\/span><\/p>\n<p>[\/et_pb_text][et_pb_text _builder_version=&#8221;4.27.5&#8243; _module_preset=&#8221;default&#8221; text_font=&#8221;|300|||||||&#8221; text_orientation=&#8221;justified&#8221; global_colors_info=&#8221;{}&#8221;]<\/p>\n<p><span style=\"font-weight: 400;\">Ahora necesitamos tu ayuda para seguir haciendo realidad este proyecto y el desarrollo de sus actividades. Saxum Visitor Center es nuestra principal actividad con un tour multimedia <\/span><span style=\"font-weight: 400;\">que ayuda a los visitantes a sumergirse en la historia de Tierra Santa a trav\u00e9s de una l\u00ednea de tiempo, mapas, pantallas interactivas, maquetas, recreaciones y proyecciones, permiti\u00e9ndoles captar las dimensiones espacio-temporales de la tierra de Jes\u00fas;<\/span><span style=\"font-weight: 400;\"> Adem\u00e1s organizamos <\/span><span style=\"font-weight: 400;\">cursos de formaci\u00f3n de Historia y Arqueolog\u00eda cristiana para gu\u00edas; el proyecto incluye la edici\u00f3n de nuevos libros en diferentes idiomas sobre Tierra Santa y la Biblia; v\u00eddeos y recursos sobre los Lugares Santos y un programa de formaci\u00f3n para j\u00f3venes de diferentes pa\u00edses.<\/span><\/p>\n<p>[\/et_pb_text][et_pb_text _builder_version=&#8221;4.27.5&#8243; _module_preset=&#8221;default&#8221; text_font=&#8221;|300|||||||&#8221; text_orientation=&#8221;justified&#8221; global_colors_info=&#8221;{}&#8221;]<\/p>\n<p><span style=\"font-weight: 400;\">\u00a1No dudes en colaborar, muchas gracias!<\/span><\/p>\n<p>[\/et_pb_text][\/et_pb_column][et_pb_column type=&#8221;1_2&#8243; _builder_version=&#8221;4.16&#8243; _module_preset=&#8221;default&#8221; global_colors_info=&#8221;{}&#8221;][et_pb_text _builder_version=&#8221;4.27.5&#8243; _module_preset=&#8221;default&#8221; text_font=&#8221;|300|||||||&#8221; global_colors_info=&#8221;{}&#8221;]<\/p>\n<h3>Donar con Tarjeta de Cr\u00e9dito<\/h3>\n<p>[\/et_pb_text][et_pb_code _builder_version=&#8221;4.27.4&#8243; _module_preset=&#8221;default&#8221; custom_padding=&#8221;20px|20px|20px|20px|false|false&#8221; border_radii=&#8221;on|1px|1px|1px|1px&#8221; border_width_all=&#8221;1px&#8221; border_color_all=&#8221;#D6D6D6&#8243; global_colors_info=&#8221;{}&#8221;]<pee style=\"text-align: left;\">Select the amount you wish to donate:<\/pee><!-- [et_pb_line_break_holder] --><!-- [et_pb_line_break_holder] --><\/p>\n<table style=\"width: 100%; border-collapse: collapse; border-style: none; border-color: #ffffff;\" border=\"0\" cellspacing=\"10\" cellpadding=\"10\"><!-- [et_pb_line_break_holder] --><\/p>\n<tbody><!-- [et_pb_line_break_holder] --><\/p>\n<tr><!-- [et_pb_line_break_holder] --><\/p>\n<td><button class=\"btn1\" value=\"100\" > 100 ILS <\/button><\/td>\n<p><!-- [et_pb_line_break_holder] --><\/p>\n<td><button class=\"btn1\" value=\"400\" > 400 ILS <\/button><\/td>\n<p><!-- [et_pb_line_break_holder] --><\/p>\n<td><button class=\"btn1\" value=\"1000\" > 1000 ILS <\/button><\/td>\n<p><!-- [et_pb_line_break_holder] --><\/p>\n<td><button class=\"btn1\" value=\"2000\"> 2000 ILS <\/button><\/td>\n<p><!-- [et_pb_line_break_holder] --><\/tr>\n<p><!-- [et_pb_line_break_holder] --><\/tbody>\n<p><!-- [et_pb_line_break_holder] --><\/table>\n<p><!-- [et_pb_line_break_holder] --><pee style=\"text-align: left;\">Or write the amount you wish to donate:<\/pee><!-- [et_pb_line_break_holder] --><small style=\"<!-- [et_pb_line_break_holder] -->    font-size: 12px;<!-- [et_pb_line_break_holder] -->&#8220;>*ILS:  currency Israeli new shekel<\/small><!-- [et_pb_line_break_holder] --><\/p>\n<form action=\"https:\/\/www.saxum.org\/wp-content\/themes\/saxum\/don\/form.php\" method=\"post\"><!-- [et_pb_line_break_holder] -->  <input id=\"custom_p\" name=\"amount\" type=\"number\" value=\"\" \/><!-- [et_pb_line_break_holder] --><input type=\"submit\" classs=\"donations\" value=\"Send Donation\" \/><!-- [et_pb_line_break_holder] --><\/form>\n<p><!-- [et_pb_line_break_holder] --><\/p>\n<style><!-- [et_pb_line_break_holder] -->  .btn1 {<!-- [et_pb_line_break_holder] -->    background: #b2a369  !important;<!-- [et_pb_line_break_holder] -->    color: #fff  !important;<!-- [et_pb_line_break_holder] -->}<!-- [et_pb_line_break_holder] -->.entry-content tr td {<!-- [et_pb_line_break_holder] -->    padding: 0px !important;<!-- [et_pb_line_break_holder] -->}<!-- [et_pb_line_break_holder] --><\/style>\n<p><!-- [et_pb_line_break_holder] --><script><!-- [et_pb_line_break_holder] -->  const init=()=>{<!-- [et_pb_line_break_holder] -->    const buttons = document.getElementsByClassName('btn1')<!-- [et_pb_line_break_holder] -->    const input = document.getElementById('custom_p')<!-- [et_pb_line_break_holder] -->    for(let i in buttons){<!-- [et_pb_line_break_holder] -->      buttons[i].onclick=(e)=>{<!-- [et_pb_line_break_holder] -->        input.value=e.target.value<!-- [et_pb_line_break_holder] -->      }<!-- [et_pb_line_break_holder] -->    }<!-- [et_pb_line_break_holder] -->    }<!-- [et_pb_line_break_holder] -->    init()<!-- [et_pb_line_break_holder] --><\/script>[\/et_pb_code][et_pb_text _builder_version=&#8221;4.27.5&#8243; _module_preset=&#8221;default&#8221; text_font=&#8221;|300|||||||&#8221; text_orientation=&#8221;justified&#8221; global_colors_info=&#8221;{}&#8221;]<\/p>\n<p><span style=\"font-weight: 400;\">Cualquier consulta puedes escribirnos a: <\/span><a href=\"mailto:comunicacion@saxum.org\"><span style=\"font-weight: 400;\">info@saxum.org<\/span><\/a><\/p>\n<p>[\/et_pb_text][\/et_pb_column][\/et_pb_row][et_pb_row _builder_version=&#8221;4.22.1&#8243; _module_preset=&#8221;default&#8221; global_colors_info=&#8221;{}&#8221;][et_pb_column type=&#8221;4_4&#8243; _builder_version=&#8221;4.22.1&#8243; _module_preset=&#8221;default&#8221; global_colors_info=&#8221;{}&#8221;][et_pb_text _builder_version=&#8221;4.27.5&#8243; _module_preset=&#8221;default&#8221; hover_enabled=&#8221;0&#8243; global_colors_info=&#8221;{}&#8221; sticky_enabled=&#8221;0&#8243;]<\/p>\n<p>La cancelaci\u00f3n de una transacci\u00f3n se realizar\u00e1 de conformidad con el Reglamento de Protecci\u00f3n al Consumidor (cancelaci\u00f3n de una transacci\u00f3n), 5771-2010, y la Ley de Protecci\u00f3n al Consumidor, 5741-1981. La notificaci\u00f3n de cancelaci\u00f3n se realizar\u00e1 poni\u00e9ndose en contacto con nosotros por correo electr\u00f3nico en<strong> info@saxum.org<\/strong> o por tel\u00e9fono en el +972-2-6224100. La empresa realizar\u00e1 la cancelaci\u00f3n de conformidad con la pol\u00edtica vigente en ese momento con la entidad de cr\u00e9dito.<\/p>\n<p>[\/et_pb_text][\/et_pb_column][\/et_pb_row][\/et_pb_section][et_pb_section fb_built=&#8221;1&#8243; _builder_version=&#8221;4.20.4&#8243; _module_preset=&#8221;default&#8221; global_colors_info=&#8221;{}&#8221;][et_pb_row column_structure=&#8221;1_2,1_2&#8243; _builder_version=&#8221;4.20.4&#8243; _module_preset=&#8221;default&#8221; global_colors_info=&#8221;{}&#8221;][et_pb_column type=&#8221;1_2&#8243; _builder_version=&#8221;4.20.4&#8243; _module_preset=&#8221;default&#8221; global_colors_info=&#8221;{}&#8221;][\/et_pb_column][et_pb_column type=&#8221;1_2&#8243; _builder_version=&#8221;4.20.4&#8243; _module_preset=&#8221;default&#8221; global_colors_info=&#8221;{}&#8221;][\/et_pb_column][\/et_pb_row][\/et_pb_section]<\/p>\n","protected":false},"excerpt":{"rendered":"<p>DE SAXUM VISITOR CENTERTU DONACI\u00d3N CONTRIBUYE CON LA MISI\u00d3N DEL SAXUM VISITOR CENTER\u200b\u00a1Ay\u00fadanos a ayudar!Tierra Santa cambia la vida de las personas. Desde nuestro comienzo en 2019, lo tenemos bien comprobado pues lo vemos en tantos visitantes: miles de peregrinos que ahondan en sus conocimientos sobre la herencia hist\u00f3rica y espiritual de Tierra Santa. Viajeros [&hellip;]<\/p>\n","protected":false},"author":8,"featured_media":0,"parent":0,"menu_order":0,"comment_status":"closed","ping_status":"closed","template":"","meta":{"_et_pb_use_builder":"on","_et_pb_old_content":"","_et_gb_content_width":"","footnotes":"","_links_to":"","_links_to_target":""},"class_list":["post-245325","page","type-page","status-publish","hentry"],"_links":{"self":[{"href":"https:\/\/www.saxum.org\/es\/wp-json\/wp\/v2\/pages\/245325","targetHints":{"allow":["GET"]}}],"collection":[{"href":"https:\/\/www.saxum.org\/es\/wp-json\/wp\/v2\/pages"}],"about":[{"href":"https:\/\/www.saxum.org\/es\/wp-json\/wp\/v2\/types\/page"}],"author":[{"embeddable":true,"href":"https:\/\/www.saxum.org\/es\/wp-json\/wp\/v2\/users\/8"}],"replies":[{"embeddable":true,"href":"https:\/\/www.saxum.org\/es\/wp-json\/wp\/v2\/comments?post=245325"}],"version-history":[{"count":35,"href":"https:\/\/www.saxum.org\/es\/wp-json\/wp\/v2\/pages\/245325\/revisions"}],"predecessor-version":[{"id":253144,"href":"https:\/\/www.saxum.org\/es\/wp-json\/wp\/v2\/pages\/245325\/revisions\/253144"}],"wp:attachment":[{"href":"https:\/\/www.saxum.org\/es\/wp-json\/wp\/v2\/media?parent=245325"}],"curies":[{"name":"wp","href":"https:\/\/api.w.org\/{rel}","templated":true}]}}