{"id":240469,"date":"2022-01-11T13:38:57","date_gmt":"2022-01-11T13:38:57","guid":{"rendered":"https:\/\/www.saxum.org\/?page_id=240469"},"modified":"2022-03-15T17:12:39","modified_gmt":"2022-03-15T17:12:39","slug":"consejos","status":"publish","type":"page","link":"https:\/\/www.saxum.org\/es\/recursos\/consejos\/","title":{"rendered":"Consejos"},"content":{"rendered":"<p>[et_pb_section fb_built=&#8221;1&#8243; custom_padding_last_edited=&#8221;on|phone&#8221; _builder_version=&#8221;4.14.4&#8243; _module_preset=&#8221;default&#8221; use_background_color_gradient=&#8221;on&#8221; background_color_gradient_start=&#8221;rgba(0,0,0,0.1)&#8221; background_color_gradient_end=&#8221;rgba(0,0,0,0.1)&#8221; background_color_gradient_overlays_image=&#8221;on&#8221; background_image=&#8221;https:\/\/www.saxum.org\/wp-content\/uploads\/2021\/12\/resources-header.jpg&#8221; background_position=&#8221;top_left&#8221; custom_padding=&#8221;180px||120px||false|false&#8221; custom_padding_tablet=&#8221;90px||90px||false|false&#8221; custom_padding_phone=&#8221;&#8221; background_last_edited=&#8221;on|phone&#8221; use_background_color_gradient_tablet=&#8221;on&#8221; background_color_gradient_start_tablet=&#8221;rgba(255,255,255,0.76)&#8221; background_color_gradient_end_tablet=&#8221;rgba(229,229,229,0)&#8221; background_color_gradient_direction_tablet=&#8221;90deg&#8221; background_position_tablet=&#8221;center&#8221; background_position_phone=&#8221;center&#8221; global_module=&#8221;1201&#8243; global_colors_info=&#8221;{}&#8221;][et_pb_row column_structure=&#8221;1_2,1_2&#8243; _builder_version=&#8221;4.14.2&#8243; _module_preset=&#8221;default&#8221; global_colors_info=&#8221;{}&#8221;][et_pb_column type=&#8221;1_2&#8243; _builder_version=&#8221;4.14.2&#8243; _module_preset=&#8221;default&#8221; global_colors_info=&#8221;{}&#8221;][\/et_pb_column][et_pb_column type=&#8221;1_2&#8243; _builder_version=&#8221;4.13.1&#8243; _module_preset=&#8221;default&#8221; global_colors_info=&#8221;{}&#8221;][et_pb_text _builder_version=&#8221;4.14.4&#8243; _module_preset=&#8221;default&#8221; header_text_color=&#8221;#000000&#8243; header_font_size=&#8221;35px&#8221; header_text_color_tablet=&#8221;#FFFFFF&#8221; header_text_color_last_edited=&#8221;off|tablet&#8221; global_colors_info=&#8221;{}&#8221;]<\/p>\n<h1>Recursos<\/h1>\n<p>[\/et_pb_text][et_pb_text _builder_version=&#8221;4.14.4&#8243; _module_preset=&#8221;default&#8221; header_3_font=&#8221;Roboto|||on|||||&#8221; header_3_text_align=&#8221;left&#8221; header_3_text_color=&#8221;#000000&#8243; header_3_font_size=&#8221;14px&#8221; header_3_letter_spacing=&#8221;2px&#8221; width_tablet=&#8221;&#8221; width_phone=&#8221;70%&#8221; width_last_edited=&#8221;on|phone&#8221; custom_margin=&#8221;||0px||false|false&#8221; header_3_text_color_tablet=&#8221;#FFFFFF&#8221; header_3_text_color_last_edited=&#8221;off|tablet&#8221; global_colors_info=&#8221;{}&#8221;]<\/p>\n<h3>Descubre Tierra Santa desde casa<\/h3>\n<p>[\/et_pb_text][et_pb_text _builder_version=&#8221;4.14.4&#8243; _module_preset=&#8221;default&#8221; text_font=&#8221;|300|||||||&#8221; text_text_color_tablet=&#8221;#FFFFFF&#8221; text_text_color_last_edited=&#8221;off|tablet&#8221; global_colors_info=&#8221;{}&#8221;]<\/p>\n<p>\u00bfTe gustar\u00eda saber m\u00e1s sobre Tierra Santa y la historia sagrada desde casa?<\/p>\n<p>Tanto si ya has viajado como si esperas hacerlo alg\u00fan d\u00eda, aqu\u00ed encontrar\u00e1s recursos digitales que te ayudar\u00e1n a preparar tu viaje o te devolver\u00e1n a los lugares que visitaste.<\/p>\n<p>[\/et_pb_text][\/et_pb_column][\/et_pb_row][\/et_pb_section][et_pb_section fb_built=&#8221;1&#8243; _builder_version=&#8221;4.14.2&#8243; _module_preset=&#8221;default&#8221; global_colors_info=&#8221;{}&#8221;][et_pb_row _builder_version=&#8221;4.14.2&#8243; _module_preset=&#8221;default&#8221; global_colors_info=&#8221;{}&#8221;][et_pb_column type=&#8221;4_4&#8243; _builder_version=&#8221;4.14.2&#8243; _module_preset=&#8221;default&#8221; global_colors_info=&#8221;{}&#8221;][et_pb_text disabled_on=&#8221;on|on|off&#8221; _builder_version=&#8221;4.14.4&#8243; _module_preset=&#8221;default&#8221; header_3_font=&#8221;Roboto|||on|||||&#8221; header_3_text_align=&#8221;center&#8221; header_3_text_color=&#8221;#000000&#8243; header_3_font_size=&#8221;14px&#8221; header_3_letter_spacing=&#8221;2px&#8221; custom_margin=&#8221;||0px||false|false&#8221; custom_padding=&#8221;0px|||||&#8221; global_colors_info=&#8221;{}&#8221;]<\/p>\n<h3><a href=\"\/es\/recursos\/\" class=\"deactive-resource\">V\u00eddeos<\/a>\u00a0 \u00a0 \u00a0 \u00a0 \u00a0 \u00a0 \u00a0 \u00a0 \u00a0 \u00a0 <a href=\"\/es\/recursos\/libros\/\" class=\"deactive-resource\">Libros<\/a>\u00a0 \u00a0 \u00a0 \u00a0 \u00a0 \u00a0 \u00a0 \u00a0 \u00a0 \u00a0 <a href=\"\/es\/recursos\/consejos\/\" class=\"active-resource\">Consejos<\/a><\/h3>\n<p>[\/et_pb_text][et_pb_text disabled_on=&#8221;off|off|on&#8221; _builder_version=&#8221;4.14.5&#8243; _module_preset=&#8221;default&#8221; header_3_font=&#8221;Roboto|||on|||||&#8221; header_3_text_align=&#8221;center&#8221; header_3_text_color=&#8221;#000000&#8243; header_3_font_size=&#8221;14px&#8221; header_3_letter_spacing=&#8221;2px&#8221; header_3_line_height=&#8221;2.3em&#8221; custom_margin=&#8221;||0px||false|false&#8221; hover_enabled=&#8221;0&#8243; global_colors_info=&#8221;{}&#8221; theme_builder_area=&#8221;post_content&#8221; sticky_enabled=&#8221;0&#8243;]<\/p>\n<h3><a href=\"\/es\/recursos\/\" class=\"deactive-resource\">V\u00eddeos<\/a>\u00a0 \u00a0<a href=\"\/es\/recursos\/libros\/\" class=\"deactive-resource\">Libros<\/a>\u00a0 \u00a0<a href=\"\/es\/recursos\/consejos\/\" class=\"active-resource\">Consejos<\/a><\/h3>\n<p>[\/et_pb_text][\/et_pb_column][\/et_pb_row][et_pb_row column_structure=&#8221;1_2,1_2&#8243; _builder_version=&#8221;4.14.2&#8243; _module_preset=&#8221;default&#8221; global_colors_info=&#8221;{}&#8221;][et_pb_column type=&#8221;1_2&#8243; _builder_version=&#8221;4.14.2&#8243; _module_preset=&#8221;default&#8221; global_colors_info=&#8221;{}&#8221;][et_pb_blurb title=&#8221;Clima&#8221; use_icon=&#8221;on&#8221; font_icon=&#8221;&#xf185;||fa||900&#8243; icon_placement=&#8221;left&#8221; _builder_version=&#8221;4.14.4&#8243; _module_preset=&#8221;default&#8221; body_font=&#8221;|300|||||||&#8221; body_line_height=&#8221;1.2em&#8221; custom_margin=&#8221;||40px||false|false&#8221; global_colors_info=&#8221;{}&#8221;]<\/p>\n<div class=\"page\" title=\"Page 1\">\n<div class=\"section\">\n<div class=\"layoutArea\">\n<div class=\"column\">\n<p>Los veranos son muy secos y calurosos, mientras que los inviernos son templados y con lluvias breves pero intensas. En primavera y oto\u00f1o, las temperaturas son altas durante el d\u00eda y bajan por la noche. Cuando hace calor, es muy importante mantenerse hidratado, usar protector solar, gafas de sol y cubrirse la cabeza.<\/p>\n<\/div>\n<\/div>\n<\/div>\n<\/div>\n<p>[\/et_pb_blurb][et_pb_blurb title=&#8221;Modo peregrino ON&#8221; use_icon=&#8221;on&#8221; font_icon=&#8221;&#xf6ec;||fa||900&#8243; icon_placement=&#8221;left&#8221; _builder_version=&#8221;4.14.5&#8243; _module_preset=&#8221;default&#8221; body_font=&#8221;|300|||||||&#8221; body_line_height=&#8221;1.2em&#8221; custom_margin=&#8221;||40px||false|false&#8221; global_colors_info=&#8221;{}&#8221;]<\/p>\n<div class=\"page\" title=\"Page 1\">\n<div class=\"section\">\n<div class=\"layoutArea\">\n<div class=\"column\">\n<p>Te aconsejamos leer e investigar un poco sobre Tierra Santa antes de comenzar tu viaje. Recomendamos <a href=\"\/es\/recursos\/huellas-de-nuestra-fe-espanol\/\">Huellas de Nuestra Fe<\/a>\u00a0y los v\u00eddeos de nuestro canal de <a href=\"https:\/\/www.youtube.com\/channel\/UC-mBoz51Buvod6oPGNgQXkQ\" target=\"_blank\" rel=\"noopener\">YouTube<\/a>, pero en internet hay muchos recursos disponibles. Aunque te dar\u00e1s cuenta de que es un reto, intenta buscar momentos de reflexi\u00f3n durante tu viaje. Tambi\u00e9n te podr\u00eda ayudar llevar contigo una Biblia de bolsillo (o en ebook o m\u00f3vil).<\/p>\n<\/div>\n<\/div>\n<\/div>\n<\/div>\n<p>[\/et_pb_blurb][et_pb_blurb title=&#8221;Links de inter\u00e9s&#8221; use_icon=&#8221;on&#8221; font_icon=&#8221;&#xf0c1;||fa||900&#8243; icon_placement=&#8221;left&#8221; _builder_version=&#8221;4.14.4&#8243; _module_preset=&#8221;default&#8221; body_font=&#8221;|300|||||||&#8221; body_line_height=&#8221;1.2em&#8221; custom_margin=&#8221;||40px||false|false&#8221; custom_margin_tablet=&#8221;||0px||false|false&#8221; custom_margin_phone=&#8221;||0px||false|false&#8221; custom_margin_last_edited=&#8221;on|phone&#8221; global_colors_info=&#8221;{}&#8221;]<\/p>\n<div class=\"page\" title=\"Page 1\">\n<div class=\"section\">\n<div class=\"layoutArea\">\n<div class=\"column\">\n<ul>\n<li><a href=\"https:\/\/www.cicts.org\/en\" target=\"_blank\" rel=\"noopener\">Christian Information Center<\/a><\/li>\n<li><a href=\"https:\/\/www.custodia.org\/en\" target=\"_blank\" rel=\"noopener\">Custodia de Tierra Santa<\/a><\/li>\n<li><a href=\"https:\/\/www.iaa.gov.il\/en\/\" target=\"_blank\" rel=\"noopener\">Aeropuerto de Ben Gurion<\/a><\/li>\n<li><a href=\"https:\/\/mfa.gov.il\/MFA\/ConsularServices\/Documents\/VisaRequirements-Tourists.pdf\" target=\"_blank\" rel=\"noopener\">Lista de pa\u00edses y sus requisitos para visado<\/a><\/li>\n<\/ul>\n<\/div>\n<\/div>\n<\/div>\n<\/div>\n<p>[\/et_pb_blurb][\/et_pb_column][et_pb_column type=&#8221;1_2&#8243; _builder_version=&#8221;4.14.2&#8243; _module_preset=&#8221;default&#8221; global_colors_info=&#8221;{}&#8221;][et_pb_blurb title=&#8221;Idioma&#8221; use_icon=&#8221;on&#8221; font_icon=&#8221;&#xf1ab;||fa||900&#8243; icon_placement=&#8221;left&#8221; _builder_version=&#8221;4.14.4&#8243; _module_preset=&#8221;default&#8221; body_font=&#8221;|300|||||||&#8221; body_line_height=&#8221;1.2em&#8221; custom_margin=&#8221;||40px||false|false&#8221; global_colors_info=&#8221;{}&#8221;]<\/p>\n<div class=\"page\" title=\"Page 1\">\n<div class=\"section\">\n<div class=\"layoutArea\">\n<div class=\"column\">\n<p>Las lenguas m\u00e1s usadas son el hebreo y el \u00e1rabe, pero mucha gente habla tambi\u00e9n ingl\u00e9s. Las se\u00f1ales, recibos y men\u00fas se pueden encontrar en ingl\u00e9s en lugares tur\u00edsticos.<\/p>\n<\/div>\n<\/div>\n<\/div>\n<\/div>\n<p>[\/et_pb_blurb][et_pb_blurb title=&#8221;Vestido&#8221; use_icon=&#8221;on&#8221; font_icon=&#8221;&#xf553;||fa||900&#8243; icon_placement=&#8221;left&#8221; _builder_version=&#8221;4.14.4&#8243; _module_preset=&#8221;default&#8221; body_font=&#8221;|300|||||||&#8221; body_line_height=&#8221;1.2em&#8221; custom_margin=&#8221;||40px||false|false&#8221; global_colors_info=&#8221;{}&#8221;]<\/p>\n<div class=\"page\" title=\"Page 1\">\n<div class=\"section\">\n<div class=\"layoutArea\">\n<div class=\"column\">\n<p>Se recomienda llevar calzado c\u00f3modo, ya que se pasa mucho tiempo caminando. Para entrar en los lugares santos, tanto hombres como mujeres deber\u00e1n cubrirse hombros y rodillas.<\/p>\n<\/div>\n<\/div>\n<\/div>\n<\/div>\n<p>[\/et_pb_blurb][et_pb_blurb title=&#8221;Visado&#8221; use_icon=&#8221;on&#8221; font_icon=&#8221;&#xf5ab;||fa||900&#8243; icon_placement=&#8221;left&#8221; _builder_version=&#8221;4.14.4&#8243; _module_preset=&#8221;default&#8221; body_font=&#8221;|300|||||||&#8221; body_line_height=&#8221;1.2em&#8221; custom_margin=&#8221;||40px||false|false&#8221; global_colors_info=&#8221;{}&#8221;]<\/p>\n<div class=\"page\" title=\"Page 1\">\n<div class=\"section\">\n<div class=\"layoutArea\">\n<div class=\"column\">\n<p>A los ciudadanos de muchos pa\u00edses se les concede visa de turista por 90 di\u0301as al llegar a Israel, pero algunas personas necesitan gestionar la visa previamente en el consulado israeli\u0301 de su pai\u0301s de origen. Recomendamos consultar en \u200beste link\u200b la lista de requerimientos para cada pai\u0301s.<\/p>\n<\/div>\n<\/div>\n<\/div>\n<\/div>\n<p>[\/et_pb_blurb][et_pb_blurb title=&#8221;Moneda&#8221; use_icon=&#8221;on&#8221; font_icon=&#8221;&#xf51e;||fa||900&#8243; icon_placement=&#8221;left&#8221; _builder_version=&#8221;4.14.5&#8243; _module_preset=&#8221;default&#8221; body_font=&#8221;|300|||||||&#8221; body_line_height=&#8221;1.2em&#8221; custom_margin=&#8221;||40px||false|false&#8221; global_colors_info=&#8221;{}&#8221;]<\/p>\n<div class=\"page\" title=\"Page 1\">\n<div class=\"section\">\n<div class=\"layoutArea\">\n<div class=\"column\">\n<p>La moneda local es el New Israeli Shekel (NIS). En los lugares tur\u00edsticos se aceptan euros, d\u00f3lares americanos y la mayor\u00eda de las tarjetas de cr\u00e9dito.<\/p>\n<\/div>\n<\/div>\n<\/div>\n<\/div>\n<p>[\/et_pb_blurb][\/et_pb_column][\/et_pb_row][\/et_pb_section]<\/p>\n","protected":false},"excerpt":{"rendered":"<p>RecursosDescubre Tierra Santa desde casa\u00bfTe gustar\u00eda saber m\u00e1s sobre Tierra Santa y la historia sagrada desde casa? Tanto si ya has viajado como si esperas hacerlo alg\u00fan d\u00eda, aqu\u00ed encontrar\u00e1s recursos digitales que te ayudar\u00e1n a preparar tu viaje o te devolver\u00e1n a los lugares que visitaste.V\u00eddeos\u00a0 \u00a0 \u00a0 \u00a0 \u00a0 \u00a0 \u00a0 \u00a0 \u00a0 [&hellip;]<\/p>\n","protected":false},"author":8,"featured_media":0,"parent":240467,"menu_order":0,"comment_status":"closed","ping_status":"closed","template":"","meta":{"_et_pb_use_builder":"on","_et_pb_old_content":"","_et_gb_content_width":"","footnotes":"","_links_to":"","_links_to_target":""},"class_list":["post-240469","page","type-page","status-publish","hentry"],"_links":{"self":[{"href":"https:\/\/www.saxum.org\/es\/wp-json\/wp\/v2\/pages\/240469","targetHints":{"allow":["GET"]}}],"collection":[{"href":"https:\/\/www.saxum.org\/es\/wp-json\/wp\/v2\/pages"}],"about":[{"href":"https:\/\/www.saxum.org\/es\/wp-json\/wp\/v2\/types\/page"}],"author":[{"embeddable":true,"href":"https:\/\/www.saxum.org\/es\/wp-json\/wp\/v2\/users\/8"}],"replies":[{"embeddable":true,"href":"https:\/\/www.saxum.org\/es\/wp-json\/wp\/v2\/comments?post=240469"}],"version-history":[{"count":0,"href":"https:\/\/www.saxum.org\/es\/wp-json\/wp\/v2\/pages\/240469\/revisions"}],"up":[{"embeddable":true,"href":"https:\/\/www.saxum.org\/es\/wp-json\/wp\/v2\/pages\/240467"}],"wp:attachment":[{"href":"https:\/\/www.saxum.org\/es\/wp-json\/wp\/v2\/media?parent=240469"}],"curies":[{"name":"wp","href":"https:\/\/api.w.org\/{rel}","templated":true}]}}