{"id":240451,"date":"2022-01-11T13:30:08","date_gmt":"2022-01-11T13:30:08","guid":{"rendered":"https:\/\/www.saxum.org\/?page_id=240451"},"modified":"2022-03-02T08:59:43","modified_gmt":"2022-03-02T08:59:43","slug":"politica-de-cookies","status":"publish","type":"page","link":"https:\/\/www.saxum.org\/es\/politica-de-cookies\/","title":{"rendered":"Pol\u00edtica de Cookies"},"content":{"rendered":"<p>[et_pb_section fb_built=&#8221;1&#8243; _builder_version=&#8221;4.14.4&#8243; _module_preset=&#8221;default&#8221; use_background_color_gradient=&#8221;on&#8221; background_color_gradient_start=&#8221;rgba(0,0,0,0.1)&#8221; background_color_gradient_end=&#8221;rgba(0,0,0,0.1)&#8221; background_color_gradient_overlays_image=&#8221;on&#8221; background_image=&#8221;https:\/\/www.saxum.org\/wp-content\/uploads\/2022\/01\/saxum-header-policies.jpg&#8221; background_position=&#8221;top_left&#8221; custom_padding=&#8221;180px||120px||false|false&#8221; global_colors_info=&#8221;{}&#8221;][et_pb_row _builder_version=&#8221;4.13.1&#8243; _module_preset=&#8221;default&#8221; global_colors_info=&#8221;{}&#8221;][et_pb_column type=&#8221;4_4&#8243; _builder_version=&#8221;4.13.1&#8243; _module_preset=&#8221;default&#8221; global_colors_info=&#8221;{}&#8221;][et_pb_post_title meta=&#8221;off&#8221; featured_image=&#8221;off&#8221; _builder_version=&#8221;4.13.1&#8243; _module_preset=&#8221;default&#8221; title_text_align=&#8221;center&#8221; title_text_color=&#8221;#FFFFFF&#8221; title_font_size=&#8221;35px&#8221; custom_margin=&#8221;||0px||false|false&#8221; global_colors_info=&#8221;{}&#8221;][\/et_pb_post_title][et_pb_text _builder_version=&#8221;4.14.5&#8243; _module_preset=&#8221;default&#8221; header_3_font=&#8221;Roboto|||on|||||&#8221; header_3_text_align=&#8221;center&#8221; header_3_text_color=&#8221;#FFFFFF&#8221; header_3_font_size=&#8221;14px&#8221; header_3_letter_spacing=&#8221;2px&#8221; custom_margin=&#8221;||0px||false|false&#8221; global_colors_info=&#8221;{}&#8221;]<\/p>\n<h3><span>\u00daltima revisi\u00f3n: 19 de noviembre, 2021<\/span><\/h3>\n<p>[\/et_pb_text][\/et_pb_column][\/et_pb_row][\/et_pb_section][et_pb_section fb_built=&#8221;1&#8243; _builder_version=&#8221;4.14.2&#8243; _module_preset=&#8221;default&#8221; global_colors_info=&#8221;{}&#8221;][et_pb_row _builder_version=&#8221;4.14.2&#8243; _module_preset=&#8221;default&#8221; global_colors_info=&#8221;{}&#8221;][et_pb_column type=&#8221;4_4&#8243; _builder_version=&#8221;4.14.2&#8243; _module_preset=&#8221;default&#8221; global_colors_info=&#8221;{}&#8221;][et_pb_text _builder_version=&#8221;4.14.5&#8243; _module_preset=&#8221;default&#8221; text_font=&#8221;|300|||||||&#8221; hover_enabled=&#8221;0&#8243; global_colors_info=&#8221;{}&#8221; sticky_enabled=&#8221;0&#8243;]<\/p>\n<p class=\"p1\">Como la mayor\u00eda de los sitios web, nosotros en Saxum Ltd. (\u201cnosotros\u201d o \u201ca nosotros\u201d) utilizamos cookies en<span>\u00a0<\/span><a href=\"https:\/\/www.saxum.org\/\"><span class=\"s1\">https:\/\/www.saxum.org\/<\/span><\/a><span>\u00a0<\/span>(el<span>\u00a0<\/span><b>Sitio Web<\/b>). Esta Pol\u00edtica de Cookies le informa sobre nuestro uso de las cookies y las opciones que Ud. dispone.<\/p>\n<p class=\"p1\">Esta Pol\u00edtica de Cookies est\u00e1 sujeta a, y es incorporada con referencia a nuestra Pol\u00edtica de Privacidad que se encuentra disponible en: <a href=\"\/es\/politica-de-privacidad\/\">https:\/\/www.saxum.org\/es\/politica-de-privacidad\/<\/a><\/p>\n<p>[\/et_pb_text][\/et_pb_column][\/et_pb_row][et_pb_row _builder_version=&#8221;4.14.2&#8243; _module_preset=&#8221;default&#8221; global_colors_info=&#8221;{}&#8221;][et_pb_column type=&#8221;4_4&#8243; _builder_version=&#8221;4.14.2&#8243; _module_preset=&#8221;default&#8221; global_colors_info=&#8221;{}&#8221;][et_pb_accordion closed_toggle_text_color=&#8221;#ffffff&#8221; closed_toggle_background_color=&#8221;#b3a369&#8243; icon_color=&#8221;#ffffff&#8221; _builder_version=&#8221;4.14.5&#8243; _module_preset=&#8221;default&#8221; toggle_font=&#8221;Roboto|||on|||||&#8221; toggle_font_size=&#8221;14px&#8221; toggle_letter_spacing=&#8221;1px&#8221; closed_toggle_font_size=&#8221;14px&#8221; closed_toggle_letter_spacing=&#8221;1px&#8221; body_font=&#8221;|300|||||||&#8221; border_width_all=&#8221;0px&#8221; global_colors_info=&#8221;{}&#8221;][et_pb_accordion_item title=&#8221;\u00bfQu\u00e9 son las cookies?&#8221; open=&#8221;on&#8221; _builder_version=&#8221;4.14.5&#8243; _module_preset=&#8221;default&#8221; global_colors_info=&#8221;{}&#8221;]<\/p>\n<p class=\"p1\">1.1.<span class=\"Apple-converted-space\">\u00a0<span>\u00a0<\/span><\/span>Las cookies son archivos digitales que contienen informaci\u00f3n que se descarga a su computadora o dispositivo m\u00f3vil cuando Ud. visita un sitio web. Las cookies pueden entonces enviarse a otro sitio web que reconoce tal cookie. Las cookies son com\u00fanmente utilizadas para hacer funcionar los sitios web, o para hacerlos funcionar m\u00e1s eficientemente, as\u00ed como tambi\u00e9n para proveer informaci\u00f3n a los due\u00f1os de los sitios web.<\/p>\n<p class=\"p1\">1.2.<span class=\"Apple-converted-space\">\u00a0<span>\u00a0<\/span><\/span>Las cookies tienen diferentes funciones, como permitirle navegar entre p\u00e1ginas eficientemente, recordarle sus preferencias y sobre todo para mejorar su experiencia como usuario. Las cookies pueden decirnos, por ejemplo, si Ud. ha visitado el sitio web antes o si Ud. es un nuevo visitante.<\/p>\n<p class=\"p1\">1.3. Las cookies no contienen informaci\u00f3n confidencial tal como su domicilio, n\u00famero telef\u00f3nico o detalles de su tarjeta de cr\u00e9dito. Nosotros no intercambiamos cookies con ning\u00fan sitio web de terceros o proveedores externos de data (otros salvo los mencionados debajo). Adem\u00e1s de las cookies utilizadas por nosotros y nuestros proveedores de servicios, algunas cookies son colocadas por terceras partes (tales como Google Analitics, por ejemplo) seg\u00fan lo descrito m\u00e1s adelante debajo.<\/p>\n<p class=\"p1\">1.4. Al utilizar el Sitio Web, Ud. acepta el uso de cookies para los siguientes prop\u00f3sitos:<\/p>\n<p class=\"p1\" style=\"padding-left: 40px;\">1.4.1.<span>\u00a0<\/span><span class=\"s1\">Cookies esenciales:<span class=\"Apple-converted-space\">\u00a0<span>\u00a0<\/span><\/span><\/span>son esenciales para permitirle moverse por el Sitio Web y utilizar sus funciones, tales como acceder a \u00e1reas seguras del sitio web o a \u00e1reas que requieran reconocimiento de usuarios registrados (una funcionalidad que se planea adicionar para el beneficio de nuestros clientes).<\/p>\n<p class=\"p1\" style=\"padding-left: 40px;\">1.4.2.<span class=\"Apple-converted-space\">\u00a0<span>\u00a0<\/span><\/span><span class=\"s1\">Cookies de Desempe\u00f1o y Anal\u00edticas:<span>\u00a0<\/span><\/span>estas cookies se utilizan para almacenar informaci\u00f3n, tal como a qu\u00e9 hora ocurri\u00f3 la visita, si el visitante ha estado en el sitio anteriormente, y qu\u00e9 sitio refiri\u00f3 al visitante a la p\u00e1gina web.<\/p>\n<p class=\"p1\" style=\"padding-left: 40px;\">1.4.3.<span class=\"Apple-converted-space\">\u00a0<span>\u00a0<\/span><\/span><span class=\"s1\">Cookies de funcionalidad:<\/span><span>\u00a0<\/span>estas cookies recuerdan las opciones que Ud. tom\u00f3, tales como opciones de lenguaje o su regi\u00f3n actual. Estas cookies ayudan a hacer su visita m\u00e1s personal y son eliminadas autom\u00e1ticamente cuando Ud. cierra el buscador o la sesi\u00f3n expira.<\/p>\n<p>[\/et_pb_accordion_item][et_pb_accordion_item title=&#8221;\u00bfQu\u00e9 puedo hacer para evitar sus cookies?&#8221; _builder_version=&#8221;4.14.5&#8243; _module_preset=&#8221;default&#8221; global_colors_info=&#8221;{}&#8221; open=&#8221;off&#8221;]<\/p>\n<p class=\"p1\">2.1. Ud. puede bloquear o inhabilitar las cookies en su dispositivo en cualquier momento, indic\u00e1ndolo en las preferencias o en los men\u00fas de opciones de su buscador. Tambi\u00e9n puede eliminar las cookies que est\u00e1n almacenadas en su dispositivo. No obstante, bloquear, deshabilitar o eliminar cookies podr\u00e1 limitar su posibilidad de ver todas las p\u00e1ginas del sitio web o de utilizar los servicios online que requieran registrarse. Ud., puede hallar m\u00e1s informaci\u00f3n sobre las cookies en<span>\u00a0<\/span><a href=\"http:\/\/www.allaboutcookies.org\/\"><span class=\"s1\">www.allaboutcookies.org<\/span><\/a><span>\u00a0<\/span>y<span>\u00a0<\/span><a href=\"http:\/\/www.youronlinechoices.com\/\"><span class=\"s1\">www.youronlinechoices.com<\/span><\/a><\/p>\n<p class=\"p1\">2.2. La mayor\u00eda de los buscadores de web le proveer\u00e1n informaci\u00f3n general sobre las cookies, permiti\u00e9ndole ver qu\u00e9 cookies est\u00e1n almacenadas en su dispositivo, le permitir\u00e1n eliminarlas a todas o en forma individual y le permitir\u00e1n bloquear o permitir para todos los sitios web o los seleccionados individualmente. Tambi\u00e9n podr\u00e1 apagar las cookies de terceras partes separadamente. Por favor note que las configuraciones ofrecidas por un buscador o dispositivo a menudo s\u00f3lo aplican para ese buscador o dispositivo en particular.<\/p>\n<p class=\"p1\">2.3. La informaci\u00f3n sobre las cookies se encuentra usualmente en la secci\u00f3n \u201cAyuda\u201d del buscador de la p\u00e1gina web. Para su conveniencia, debajo se incluyen enlaces a los buscadores web m\u00e1s frecuentemente utilizados:<\/p>\n<p class=\"p1\">2.3.1.<span>\u00a0<\/span><a href=\"https:\/\/support.google.com\/chrome\/answer\/95647?hl=en\"><span class=\"s2\">Chrome<\/span><\/a><\/p>\n<p class=\"p1\">2.3.2.<span class=\"s2\"><span>\u00a0<\/span><span class=\"s3\"><a href=\"https:\/\/support.google.com\/chrome\/answer\/2392971?hl=en\">Chrome para m\u00f3viles<\/a><\/span><\/span><\/p>\n<p class=\"p1\">2.3.3.\u00a0<span class=\"s3\"><a href=\"http:\/\/windows.microsoft.com\/en-us\/windows-vista\/block-or-allow-cookies\"><span class=\"s2\">Internet Explorer and Microsoft Edge<\/span><\/a><\/span><\/p>\n<p class=\"p1\">2.3.4.\u00a0<span class=\"s3\"><a href=\"https:\/\/support.mozilla.org\/en-US\/kb\/cookies-information-websites-store-on-your-computer\"><span class=\"s2\">Mozilla Firefox<\/span><\/a><\/span><\/p>\n<p class=\"p1\">2.3.5.\u00a0<span class=\"s3\"><a href=\"https:\/\/support.apple.com\/kb\/PH19214?locale=en_US\"><span class=\"s2\">Safari<\/span><\/a><\/span><\/p>\n<p class=\"p1\">2.4. Ud. puede apagar ciertas cookies<span class=\"Apple-converted-space\">\u00a0<span>\u00a0<\/span><\/span>de focalizaci\u00f3n o publicitarias visitando el siguiente link: Iniciativa<span class=\"Apple-converted-space\">\u00a0<span>\u00a0<\/span><\/span>Publicitaria de Interconexi\u00f3n en<span>\u00a0<\/span><a href=\"http:\/\/optout.networkadvertising.org\/\"><span class=\"s1\">http:\/\/optout.networkadvertising.org<\/span><\/a><\/p>\n<p>[\/et_pb_accordion_item][et_pb_accordion_item title=&#8221;Las cookies que utilizamos&#8221; _builder_version=&#8221;4.14.5&#8243; _module_preset=&#8221;default&#8221; global_colors_info=&#8221;{}&#8221; open=&#8221;off&#8221;]<\/p>\n<p><img loading=\"lazy\" decoding=\"async\" src=\"https:\/\/www.saxum.org\/wp-content\/uploads\/2022\/01\/cookies-es.png\" width=\"565\" height=\"753\" alt=\"\" class=\"wp-image-240939 alignnone size-full\" srcset=\"https:\/\/www.saxum.org\/wp-content\/uploads\/2022\/01\/cookies-es.png 565w, https:\/\/www.saxum.org\/wp-content\/uploads\/2022\/01\/cookies-es-480x640.png 480w\" sizes=\"(min-width: 0px) and (max-width: 480px) 480px, (min-width: 481px) 565px, 100vw\" \/><\/p>\n<p>[\/et_pb_accordion_item][et_pb_accordion_item title=&#8221;\u00bfAlgo m\u00e1s que deber\u00eda saber?&#8221; _builder_version=&#8221;4.14.5&#8243; _module_preset=&#8221;default&#8221; global_colors_info=&#8221;{}&#8221; open=&#8221;off&#8221;]<\/p>\n<ol class=\"ol1\">\n<li class=\"li1\">Balizas Web: las cookies no son el \u00fanico modo de reconocer o rastrear visitantes a un sitio web. Podr\u00edamos ocasionalmente utilizar tecnolog\u00edas similares, tales como balizas web (a veces llamadas \u201cpixeles de rastreo\u201d o \u201cgifs transparentes\u201d). Estos son peque\u00f1os archivos gr\u00e1ficos que contienen un identificador \u00fanico que nos permite reconocer cuando alguien ha visitado el sitio web. Ello nos permite, por ejemplo, monitorear patrones de tr\u00e1fico de usuarios desde una p\u00e1gina de nuestro Sitio Web a otro, enviar o comunicarnos con cookies, comprender si un usuario ha venido a nuestro Sitio Web desde una publicidad en l\u00ednea desplegada por un tercer sitio web, mejorar el desempe\u00f1o del sitio web y medir el \u00e9xito de las campa\u00f1as publicitarias por correo electr\u00f3nico. En la mayor\u00eda de los casos, estas tecnolog\u00edas dependen de las cookies para funcionar y, por lo tanto, rechazar cookies les impide funcionar. Si Ud. no quiere que la informaci\u00f3n de su cookie est\u00e9 asociada con sus visitas a estas p\u00e1ginas, Ud., puede configurar su buscador para apagar las cookies seg\u00fan lo descrito arriba. Si Ud. desactiva las cookies, las balizas web y otras tecnolog\u00edas, a\u00fan as\u00ed se detectar\u00e1n sus visitas a nuestro Sitio Web pero no estar\u00e1n asociadas a la informaci\u00f3n almacenada en las cookies.<\/li>\n<li class=\"li1\"><span class=\"s1\">Cookies almacenadas en el pasado:<span>\u00a0<\/span><\/span>si Ud. ha inhabilitado una o m\u00e1s Cookies, a\u00fan as\u00ed utilizamos informaci\u00f3n recopilada por las cookies anterior a la fecha y hora que Ud. inhabilit\u00f3 tales cookies (es decir, usamos informaci\u00f3n recopilada y almacenada hasta esa tal fecha y hora); sin embargo, dejaremos de utilizar la cookie inhabilitada para recopilar informaci\u00f3n adicional (es decir, ninguna informaci\u00f3n ser\u00e1 recopilada ni almacenada despu\u00e9s de dicha fecha y hora).<\/li>\n<\/ol>\n<p>[\/et_pb_accordion_item][et_pb_accordion_item title=&#8221;\u00bfPreguntas?&#8221; _builder_version=&#8221;4.14.5&#8243; _module_preset=&#8221;default&#8221; global_colors_info=&#8221;{}&#8221; open=&#8221;off&#8221;]<\/p>\n<p><span>Si Ud. tiene alguna consulta sobre esta Pol\u00edtica de Cookies, por favor cont\u00e1ctenos a:\u00a0<\/span><a href=\"mailto:info@saxum.org\"><span class=\"s1\">info@saxum.org<\/span><\/a><\/p>\n<p>[\/et_pb_accordion_item][\/et_pb_accordion][\/et_pb_column][\/et_pb_row][\/et_pb_section]<\/p>\n","protected":false},"excerpt":{"rendered":"<p>\u00daltima revisi\u00f3n: 19 de noviembre, 2021Como la mayor\u00eda de los sitios web, nosotros en Saxum Ltd. (\u201cnosotros\u201d o \u201ca nosotros\u201d) utilizamos cookies en\u00a0https:\/\/www.saxum.org\/\u00a0(el\u00a0Sitio Web). Esta Pol\u00edtica de Cookies le informa sobre nuestro uso de las cookies y las opciones que Ud. dispone. Esta Pol\u00edtica de Cookies est\u00e1 sujeta a, y es incorporada con referencia a [&hellip;]<\/p>\n","protected":false},"author":8,"featured_media":0,"parent":0,"menu_order":0,"comment_status":"closed","ping_status":"closed","template":"","meta":{"_et_pb_use_builder":"on","_et_pb_old_content":"","_et_gb_content_width":"","footnotes":"","_links_to":"","_links_to_target":""},"class_list":["post-240451","page","type-page","status-publish","hentry"],"_links":{"self":[{"href":"https:\/\/www.saxum.org\/es\/wp-json\/wp\/v2\/pages\/240451","targetHints":{"allow":["GET"]}}],"collection":[{"href":"https:\/\/www.saxum.org\/es\/wp-json\/wp\/v2\/pages"}],"about":[{"href":"https:\/\/www.saxum.org\/es\/wp-json\/wp\/v2\/types\/page"}],"author":[{"embeddable":true,"href":"https:\/\/www.saxum.org\/es\/wp-json\/wp\/v2\/users\/8"}],"replies":[{"embeddable":true,"href":"https:\/\/www.saxum.org\/es\/wp-json\/wp\/v2\/comments?post=240451"}],"version-history":[{"count":0,"href":"https:\/\/www.saxum.org\/es\/wp-json\/wp\/v2\/pages\/240451\/revisions"}],"wp:attachment":[{"href":"https:\/\/www.saxum.org\/es\/wp-json\/wp\/v2\/media?parent=240451"}],"curies":[{"name":"wp","href":"https:\/\/api.w.org\/{rel}","templated":true}]}}