{"id":240450,"date":"2022-01-11T13:30:22","date_gmt":"2022-01-11T13:30:22","guid":{"rendered":"https:\/\/www.saxum.org\/?page_id=240450"},"modified":"2022-03-02T08:58:38","modified_gmt":"2022-03-02T08:58:38","slug":"camino-emaus","status":"publish","type":"page","link":"https:\/\/www.saxum.org\/es\/camino-emaus\/","title":{"rendered":"Camino de Ema\u00fas"},"content":{"rendered":"<p>[et_pb_section fb_built=&#8221;1&#8243; _builder_version=&#8221;4.14.4&#8243; _module_preset=&#8221;default&#8221; use_background_color_gradient=&#8221;on&#8221; background_color_gradient_start=&#8221;rgba(0,0,0,0.1)&#8221; background_color_gradient_end=&#8221;rgba(0,0,0,0.1)&#8221; background_color_gradient_overlays_image=&#8221;on&#8221; background_image=&#8221;https:\/\/www.saxum.org\/wp-content\/uploads\/2022\/01\/saxum-emmaus-trail-header.jpg&#8221; background_position=&#8221;center_left&#8221; custom_padding=&#8221;180px||120px||false|false&#8221; global_colors_info=&#8221;{}&#8221;][et_pb_row _builder_version=&#8221;4.13.1&#8243; _module_preset=&#8221;default&#8221; global_colors_info=&#8221;{}&#8221;][et_pb_column type=&#8221;4_4&#8243; _builder_version=&#8221;4.13.1&#8243; _module_preset=&#8221;default&#8221; global_colors_info=&#8221;{}&#8221;][et_pb_post_title meta=&#8221;off&#8221; featured_image=&#8221;off&#8221; _builder_version=&#8221;4.13.1&#8243; _module_preset=&#8221;default&#8221; title_text_align=&#8221;center&#8221; title_text_color=&#8221;#FFFFFF&#8221; title_font_size=&#8221;35px&#8221; custom_margin=&#8221;||0px||false|false&#8221; global_colors_info=&#8221;{}&#8221;][\/et_pb_post_title][et_pb_text _builder_version=&#8221;4.14.4&#8243; _module_preset=&#8221;default&#8221; header_3_font=&#8221;Roboto|||on|||||&#8221; header_3_text_align=&#8221;center&#8221; header_3_text_color=&#8221;#FFFFFF&#8221; header_3_font_size=&#8221;14px&#8221; header_3_letter_spacing=&#8221;2px&#8221; custom_margin=&#8221;||0px||false|false&#8221; global_colors_info=&#8221;{}&#8221;]<\/p>\n<h3>Senderismo en la zona<\/h3>\n<p>[\/et_pb_text][\/et_pb_column][\/et_pb_row][\/et_pb_section][et_pb_section fb_built=&#8221;1&#8243; _builder_version=&#8221;4.13.1&#8243; _module_preset=&#8221;default&#8221; custom_padding=&#8221;20px||20px||true|false&#8221; global_colors_info=&#8221;{}&#8221;][et_pb_row column_structure=&#8221;1_4,1_4,1_4,1_4&#8243; custom_padding_last_edited=&#8221;on|phone&#8221; _builder_version=&#8221;4.14.4&#8243; _module_preset=&#8221;default&#8221; width_tablet=&#8221;&#8221; width_phone=&#8221;50%&#8221; width_last_edited=&#8221;on|phone&#8221; custom_padding_tablet=&#8221;&#8221; custom_padding_phone=&#8221;|||20px|false|false&#8221; global_colors_info=&#8221;{}&#8221;][et_pb_column type=&#8221;1_4&#8243; _builder_version=&#8221;4.12.1&#8243; _module_preset=&#8221;default&#8221; global_colors_info=&#8221;{}&#8221;][et_pb_blurb image=&#8221;https:\/\/www.saxum.org\/wp-content\/uploads\/2021\/12\/distance-icon.png&#8221; icon_placement=&#8221;left&#8221; _builder_version=&#8221;4.14.4&#8243; _module_preset=&#8221;default&#8221; body_font=&#8221;||||||||&#8221; body_line_height=&#8221;1em&#8221; global_colors_info=&#8221;{}&#8221;]<\/p>\n<h4>Distancia <br \/>20km<\/h4>\n<p>[\/et_pb_blurb][\/et_pb_column][et_pb_column type=&#8221;1_4&#8243; _builder_version=&#8221;4.12.1&#8243; _module_preset=&#8221;default&#8221; global_colors_info=&#8221;{}&#8221;][et_pb_blurb use_icon=&#8221;on&#8221; font_icon=&#8221;&#x7d;||divi||400&#8243; icon_placement=&#8221;left&#8221; _builder_version=&#8221;4.14.5&#8243; _module_preset=&#8221;default&#8221; body_font=&#8221;||||||||&#8221; body_line_height=&#8221;1em&#8221; global_colors_info=&#8221;{}&#8221;]<\/p>\n<h4>Duraci\u00f3n<br \/>5-6 horas<\/h4>\n<p>[\/et_pb_blurb][\/et_pb_column][et_pb_column type=&#8221;1_4&#8243; _builder_version=&#8221;4.12.1&#8243; _module_preset=&#8221;default&#8221; global_colors_info=&#8221;{}&#8221;][et_pb_blurb image=&#8221;https:\/\/www.saxum.org\/wp-content\/uploads\/2021\/12\/level-medium.png&#8221; icon_placement=&#8221;left&#8221; _builder_version=&#8221;4.14.4&#8243; _module_preset=&#8221;default&#8221; body_font=&#8221;||||||||&#8221; body_line_height=&#8221;1em&#8221; global_colors_info=&#8221;{}&#8221;]<\/p>\n<h4>Dificultad<br \/>Media<\/h4>\n<p>[\/et_pb_blurb][\/et_pb_column][et_pb_column type=&#8221;1_4&#8243; _builder_version=&#8221;4.12.1&#8243; _module_preset=&#8221;default&#8221; global_colors_info=&#8221;{}&#8221;][et_pb_blurb use_icon=&#8221;on&#8221; font_icon=&#8221;&#x70;||divi||400&#8243; icon_placement=&#8221;left&#8221; _builder_version=&#8221;4.14.4&#8243; _module_preset=&#8221;default&#8221; body_font=&#8221;||||||||&#8221; body_line_height=&#8221;1em&#8221; global_colors_info=&#8221;{}&#8221;]<\/p>\n<h4>Informaci\u00f3n<br \/>Saxum Visitor Center<\/h4>\n<p>[\/et_pb_blurb][\/et_pb_column][\/et_pb_row][\/et_pb_section][et_pb_section fb_built=&#8221;1&#8243; _builder_version=&#8221;4.12.1&#8243; _module_preset=&#8221;default&#8221; custom_padding=&#8221;0px||0px||true|false&#8221; global_colors_info=&#8221;{}&#8221;][et_pb_row column_structure=&#8221;1_2,1_2&#8243; use_custom_gutter=&#8221;on&#8221; gutter_width=&#8221;1&#8243; make_equal=&#8221;on&#8221; _builder_version=&#8221;4.13.1&#8243; _module_preset=&#8221;default&#8221; custom_padding=&#8221;0px||0px||true|false&#8221; global_colors_info=&#8221;{}&#8221;][et_pb_column type=&#8221;1_2&#8243; _builder_version=&#8221;4.12.1&#8243; _module_preset=&#8221;default&#8221; global_colors_info=&#8221;{}&#8221;][et_pb_video src=&#8221;https:\/\/www.youtube.com\/watch?v=YMnhyRPZf40&#038;t=2s&#038;ab_channel=SaxumInternationalFoundation&#8221; image_src=&#8221;https:\/\/www.saxum.org\/wp-content\/uploads\/2021\/12\/emmaus-trail-video-800.jpg&#8221; _builder_version=&#8221;4.14.2&#8243; _module_preset=&#8221;default&#8221; box_shadow_style=&#8221;preset3&#8243; box_shadow_spread=&#8221;-10px&#8221; global_colors_info=&#8221;{}&#8221;][\/et_pb_video][\/et_pb_column][et_pb_column type=&#8221;1_2&#8243; _builder_version=&#8221;4.13.1&#8243; _module_preset=&#8221;default&#8221; custom_padding=&#8221;1%|0px|1%|3%|true|false&#8221; global_colors_info=&#8221;{}&#8221;][et_pb_text _builder_version=&#8221;4.14.4&#8243; _module_preset=&#8221;default&#8221; header_3_font=&#8221;Roboto|||on|||||&#8221; header_3_text_color=&#8221;#b3a369&#8243; header_3_font_size=&#8221;14px&#8221; header_3_letter_spacing=&#8221;2px&#8221; custom_margin=&#8221;||0px||false|false&#8221; custom_margin_tablet=&#8221;70px||||false|false&#8221; custom_margin_phone=&#8221;70px||||false|false&#8221; custom_margin_last_edited=&#8221;on|tablet&#8221; global_colors_info=&#8221;{}&#8221;]<\/p>\n<h3>Saxum &#8211; Park Ayalon Canada<\/h3>\n<p>[\/et_pb_text][et_pb_text _builder_version=&#8221;4.14.4&#8243; _module_preset=&#8221;default&#8221; header_2_font=&#8221;|300|||||||&#8221; header_2_font_size=&#8221;35px&#8221; header_3_font=&#8221;Roboto|||on|||||&#8221; header_3_font_size=&#8221;14px&#8221; header_3_letter_spacing=&#8221;1px&#8221; custom_margin=&#8221;||0px||false|false&#8221; global_colors_info=&#8221;{}&#8221;]<\/p>\n<h2>Ruta en apps de senderismo<\/h2>\n<p>[\/et_pb_text][et_pb_text disabled_on=&#8221;on|off|off&#8221; _builder_version=&#8221;4.14.4&#8243; _module_preset=&#8221;default&#8221; text_font=&#8221;|300|||||||&#8221; global_colors_info=&#8221;{}&#8221;]<a href=\"https:\/\/www.komoot.com\/tour\/357591349\" target=\"_blank\" rel=\"noopener\"><img loading=\"lazy\" decoding=\"async\" class=\"wp-image-405 alignnone size-full\" src=\"https:\/\/www.saxum.org\/wp-content\/uploads\/2021\/12\/komoot.jpg\" alt=\"\" width=\"90\" height=\"90\" srcset=\"https:\/\/www.saxum.org\/wp-content\/uploads\/2021\/12\/komoot.jpg 301w, https:\/\/www.saxum.org\/wp-content\/uploads\/2021\/12\/komoot-100x100.jpg 100w, https:\/\/www.saxum.org\/wp-content\/uploads\/2021\/12\/komoot-150x150.jpg 150w\" sizes=\"(max-width: 90px) 100vw, 90px\" \/><\/a>\u00a0 \u00a0 \u00a0 \u00a0 \u00a0 \u00a0 <a href=\"https:\/\/www.alltrails.com\/es\/explore\/recording\/wikiloc-saxum-emmaus-nicopolis-f0f6ba4\" target=\"_blank\" rel=\"noopener\"><img loading=\"lazy\" decoding=\"async\" class=\"wp-image-401 alignnone size-full\" src=\"https:\/\/www.saxum.org\/wp-content\/uploads\/2021\/12\/alltrails.jpg\" alt=\"\" width=\"90\" height=\"90\" srcset=\"https:\/\/www.saxum.org\/wp-content\/uploads\/2021\/12\/alltrails.jpg 301w, https:\/\/www.saxum.org\/wp-content\/uploads\/2021\/12\/alltrails-100x100.jpg 100w, https:\/\/www.saxum.org\/wp-content\/uploads\/2021\/12\/alltrails-150x150.jpg 150w\" sizes=\"(max-width: 90px) 100vw, 90px\" \/><\/a>\u00a0 \u00a0 \u00a0 \u00a0 \u00a0 \u00a0 \u00a0<a href=\"https:\/\/israelhiking.osm.org.il\/share\/3EHQV57yTt\" target=\"_blank\" rel=\"noopener\"><img loading=\"lazy\" decoding=\"async\" class=\"wp-image-410 alignnone size-full\" src=\"https:\/\/www.saxum.org\/wp-content\/uploads\/2021\/12\/israel-hiking.jpg\" alt=\"\" width=\"90\" height=\"90\" srcset=\"https:\/\/www.saxum.org\/wp-content\/uploads\/2021\/12\/israel-hiking.jpg 301w, https:\/\/www.saxum.org\/wp-content\/uploads\/2021\/12\/israel-hiking-100x100.jpg 100w, https:\/\/www.saxum.org\/wp-content\/uploads\/2021\/12\/israel-hiking-150x150.jpg 150w\" sizes=\"(max-width: 90px) 100vw, 90px\" \/><\/a><br \/>\n[\/et_pb_text][et_pb_text disabled_on=&#8221;off|on|on&#8221; _builder_version=&#8221;4.14.4&#8243; _module_preset=&#8221;default&#8221; text_font=&#8221;|300|||||||&#8221; global_colors_info=&#8221;{}&#8221;]<a href=\"https:\/\/www.komoot.com\/tour\/357591349\" target=\"_blank\" rel=\"noopener\"><img loading=\"lazy\" decoding=\"async\" class=\"wp-image-405 alignnone size-full\" src=\"https:\/\/www.saxum.org\/wp-content\/uploads\/2021\/12\/komoot.jpg\" alt=\"\" width=\"75\" height=\"75\" srcset=\"https:\/\/www.saxum.org\/wp-content\/uploads\/2021\/12\/komoot.jpg 301w, https:\/\/www.saxum.org\/wp-content\/uploads\/2021\/12\/komoot-100x100.jpg 100w, https:\/\/www.saxum.org\/wp-content\/uploads\/2021\/12\/komoot-150x150.jpg 150w\" sizes=\"(max-width: 75px) 100vw, 75px\" \/><\/a>\u00a0 \u00a0 \u00a0 \u00a0<a href=\"https:\/\/www.alltrails.com\/es\/explore\/recording\/wikiloc-saxum-emmaus-nicopolis-f0f6ba4\" target=\"_blank\" rel=\"noopener\"><img loading=\"lazy\" decoding=\"async\" class=\"wp-image-401 alignnone size-full\" src=\"https:\/\/www.saxum.org\/wp-content\/uploads\/2021\/12\/alltrails.jpg\" alt=\"\" width=\"75\" height=\"75\" srcset=\"https:\/\/www.saxum.org\/wp-content\/uploads\/2021\/12\/alltrails.jpg 301w, https:\/\/www.saxum.org\/wp-content\/uploads\/2021\/12\/alltrails-100x100.jpg 100w, https:\/\/www.saxum.org\/wp-content\/uploads\/2021\/12\/alltrails-150x150.jpg 150w\" sizes=\"(max-width: 75px) 100vw, 75px\" \/><\/a>\u00a0 \u00a0 \u00a0 \u00a0 <a href=\"https:\/\/israelhiking.osm.org.il\/share\/3EHQV57yTt\" target=\"_blank\" rel=\"noopener\"><img loading=\"lazy\" decoding=\"async\" class=\"wp-image-410 alignnone size-full\" src=\"https:\/\/www.saxum.org\/wp-content\/uploads\/2021\/12\/israel-hiking.jpg\" alt=\"\" width=\"75\" height=\"75\" srcset=\"https:\/\/www.saxum.org\/wp-content\/uploads\/2021\/12\/israel-hiking.jpg 301w, https:\/\/www.saxum.org\/wp-content\/uploads\/2021\/12\/israel-hiking-100x100.jpg 100w, https:\/\/www.saxum.org\/wp-content\/uploads\/2021\/12\/israel-hiking-150x150.jpg 150w\" sizes=\"(max-width: 75px) 100vw, 75px\" \/><\/a><br \/>\n[\/et_pb_text][et_pb_blurb use_icon=&#8221;on&#8221; font_icon=&#8221;&#x73;||divi||400&#8243; icon_placement=&#8221;left&#8221; image_icon_width=&#8221;22px&#8221; _builder_version=&#8221;4.14.5&#8243; _module_preset=&#8221;default&#8221; body_font=&#8221;|300|||||||&#8221; custom_margin=&#8221;20px||||false|false&#8221; global_colors_info=&#8221;{}&#8221;]<\/p>\n<p>Recorrer el Emmaus Trail es completa responsabilidad de cada excursionista. Antes de empezar, es recomendable leer las instrucciones de seguridad de la p\u00e1gina web del KKL-JNF.<\/p>\n<p>[\/et_pb_blurb][\/et_pb_column][\/et_pb_row][\/et_pb_section][et_pb_section fb_built=&#8221;1&#8243; custom_padding_last_edited=&#8221;on|phone&#8221; _builder_version=&#8221;4.14.4&#8243; _module_preset=&#8221;default&#8221; use_background_color_gradient=&#8221;on&#8221; background_color_gradient_start=&#8221;#ffffff&#8221; background_color_gradient_end=&#8221;rgba(255,255,255,0.5)&#8221; background_color_gradient_direction=&#8221;186deg&#8221; background_color_gradient_start_position=&#8221;46%&#8221; background_color_gradient_overlays_image=&#8221;on&#8221; background_image=&#8221;https:\/\/www.saxum.org\/wp-content\/uploads\/2021\/12\/flower-scaled.jpg&#8221; custom_padding=&#8221;||200px||false|false&#8221; custom_padding_tablet=&#8221;||60px||false|false&#8221; custom_padding_phone=&#8221;||60px||false|false&#8221; background_last_edited=&#8221;on|tablet&#8221; use_background_color_gradient_tablet=&#8221;off&#8221; background_color_gradient_end_tablet=&#8221;rgba(255,255,255,0.78)&#8221; background_color_gradient_start_position_tablet=&#8221;78%&#8221; background_color_gradient_end_position_tablet=&#8221;91%&#8221; background_enable_image_tablet=&#8221;off&#8221; global_colors_info=&#8221;{}&#8221;][et_pb_row column_structure=&#8221;1_2,1_2&#8243; _builder_version=&#8221;4.13.1&#8243; _module_preset=&#8221;default&#8221; global_colors_info=&#8221;{}&#8221;][et_pb_column type=&#8221;1_2&#8243; _builder_version=&#8221;4.13.1&#8243; _module_preset=&#8221;default&#8221; global_colors_info=&#8221;{}&#8221;][et_pb_text _builder_version=&#8221;4.14.4&#8243; _module_preset=&#8221;default&#8221; header_2_font=&#8221;|300|||||||&#8221; header_2_text_color=&#8221;#b3a368&#8243; header_2_font_size=&#8221;27px&#8221; header_3_font=&#8221;Roboto|||on|||||&#8221; header_3_font_size=&#8221;14px&#8221; header_3_letter_spacing=&#8221;1px&#8221; custom_margin=&#8221;||||false|false&#8221; header_2_text_align_tablet=&#8221;&#8221; header_2_text_align_phone=&#8221;center&#8221; header_2_text_align_last_edited=&#8221;on|phone&#8221; global_colors_info=&#8221;{}&#8221;]<\/p>\n<h2>El relato evang\u00e9lico<\/h2>\n<p>[\/et_pb_text][et_pb_text _builder_version=&#8221;4.14.5&#8243; _module_preset=&#8221;default&#8221; text_font=&#8221;|300|||||||&#8221; global_colors_info=&#8221;{}&#8221;]<\/p>\n<p class=\"p1\">El camino de Emau\u0301s es el sendero que Cleofa\u0301s y otro disci\u0301pulo recorrieron desde Jerusale\u0301n hasta su aldea, despue\u0301s de la muerte de Jesu\u0301s. Mientras discut\u00edan sobre los sucesos que habi\u0301an tenido lugar los di\u0301as anteriores, en algu\u0301n punto del recorrido, quiza\u0301 cerca de Saxum, se les aparecio\u0301 Jesu\u0301s resucitado.<\/p>\n<p>Ninguno de los caminantes reconoci\u00f3 a Jes\u00fas, pero escucharon con asombro su interpretacio\u0301n de las Escrituras. &#8220;\u00bfNo ardi\u0301a nuestro corazo\u0301n cuando nos hablaba en el camino?&#8221; (Lc 24, 32). Al llegar a Emau\u0301s, le invitaron a pasar la noche con ellos. Fue entonces cuando le reconocieron, estando a la mesa, al partir el pan.<\/p>\n<p>[\/et_pb_text][et_pb_image src=&#8221;https:\/\/www.saxum.org\/wp-content\/uploads\/2021\/12\/quote-1-small.png&#8221; title_text=&#8221;quote-1-small&#8221; align=&#8221;center&#8221; _builder_version=&#8221;4.13.1&#8243; _module_preset=&#8221;default&#8221; global_colors_info=&#8221;{}&#8221;][\/et_pb_image][et_pb_text module_class=&#8221;saxum-quote&#8221; _builder_version=&#8221;4.14.4&#8243; _module_preset=&#8221;default&#8221; text_font=&#8221;||on||||||&#8221; text_text_color=&#8221;#b3a369&#8243; text_orientation=&#8221;center&#8221; width=&#8221;80%&#8221; module_alignment=&#8221;center&#8221; global_colors_info=&#8221;{}&#8221;]<\/p>\n<p class=\"p1\">Y comenzando por Mois\u00e9s y por todos los Profetas les interpret\u00f3 en todas las Escrituras <br \/>lo que se refer\u00eda a \u00c9l<\/p>\n<p>[\/et_pb_text][et_pb_text _builder_version=&#8221;4.14.4&#8243; _module_preset=&#8221;default&#8221; header_3_font=&#8221;Roboto|||on|||||&#8221; header_3_text_align=&#8221;center&#8221; header_3_text_color=&#8221;#b3a369&#8243; header_3_font_size=&#8221;14px&#8221; header_3_letter_spacing=&#8221;2px&#8221; custom_margin=&#8221;||0px||false|false&#8221; global_colors_info=&#8221;{}&#8221;]<\/p>\n<h3>Lucas 24, 27<\/h3>\n<p>[\/et_pb_text][et_pb_image src=&#8221;https:\/\/www.saxum.org\/wp-content\/uploads\/2021\/12\/quote-2-small.png&#8221; title_text=&#8221;quote-2-small&#8221; align=&#8221;center&#8221; _builder_version=&#8221;4.13.1&#8243; _module_preset=&#8221;default&#8221; custom_margin=&#8221;14px||||false|false&#8221; global_colors_info=&#8221;{}&#8221;][\/et_pb_image][\/et_pb_column][et_pb_column type=&#8221;1_2&#8243; _builder_version=&#8221;4.13.1&#8243; _module_preset=&#8221;default&#8221; global_colors_info=&#8221;{}&#8221;][et_pb_text _builder_version=&#8221;4.14.5&#8243; _module_preset=&#8221;default&#8221; header_2_font=&#8221;|300|||||||&#8221; header_2_text_color=&#8221;#b3a368&#8243; header_2_font_size=&#8221;27px&#8221; header_3_font=&#8221;Roboto|||on|||||&#8221; header_3_font_size=&#8221;14px&#8221; header_3_letter_spacing=&#8221;1px&#8221; custom_margin=&#8221;||||false|false&#8221; header_2_text_align_tablet=&#8221;&#8221; header_2_text_align_phone=&#8221;center&#8221; header_2_text_align_last_edited=&#8221;on|phone&#8221; global_colors_info=&#8221;{}&#8221;]<\/p>\n<h2>Una ruta desde Abu Ghosh hasta <br \/>Ema\u00fas-Nic\u00f3polis<\/h2>\n<p>[\/et_pb_text][et_pb_text _builder_version=&#8221;4.14.5&#8243; _module_preset=&#8221;default&#8221; text_font=&#8221;|300|||||||&#8221; hover_enabled=&#8221;0&#8243; global_colors_info=&#8221;{}&#8221; sticky_enabled=&#8221;0&#8243;]<\/p>\n<p class=\"p1\">Aunque no hay certeza de la ubicaci\u00f3n del Emau\u0301s evange\u0301lico, la tradicio\u0301n cristiana ha identificado Emau\u0301s-Nico\u0301polis como el lugar en el que Cleofa\u0301s y su amigo reconocieron a Jesu\u0301s resucitado. Hoy en di\u0301a se pueden visitar las ruinas de una basi\u0301lica bizantina.<\/p>\n<p>Desde Saxum Visitor Center (a las afueras de Abu Ghosh) hasta Ema\u00fas hay una distancia de 20 kilo\u0301metros que pueden recorrerse siguiendo diversos senderos. Hace m\u00e1s de dos mil a\u00f1os, parte de la ruta actual era una calzada romana que comunicaba Jerusale\u0301n con el puerto mar\u00edtimo de Jaffa. A lo largo del camino se encuentran varios yacimientos arqueolo\u0301gicos de intere\u0301s.<\/p>\n<p>La ruta se puede completar a pie en unas cinco o seis horas. Para planificar el regreso, conviene tener en cuenta que no es un itinerario circular, sino que termina en Park Ayalon-Canada. Un buen plan ser\u00eda, por ejemplo, dejar antes un coche en ese parque y usarlo al final de la ruta para llegar a Ema\u00fas-Nic\u00f3polis (una distancia corta pero sin una v\u00eda apta para excursionistas). Tambi\u00e9n hay varios autobuses que paran cerca de Ema\u00fas-Nic\u00f3polis que van tanto a Jerusal\u00e9n como a Abu Ghosh.<\/p>\n<p>Al tratarse de un camino de dificultad media, se recomienda llevar calzado adecuado, pues el camino es pedregoso, y evitar las horas ma\u0301s calurosas del di\u0301a, as\u00ed como llevar suficiente agua, puesto que no hay fuentes a lo largo del camino.<\/p>\n<p>[\/et_pb_text][\/et_pb_column][\/et_pb_row][\/et_pb_section][et_pb_section fb_built=&#8221;1&#8243; fullwidth=&#8221;on&#8221; _builder_version=&#8221;4.14.2&#8243; _module_preset=&#8221;default&#8221; custom_margin=&#8221;||||false|false&#8221; global_colors_info=&#8221;{}&#8221;][et_pb_fullwidth_code _builder_version=&#8221;4.14.2&#8243; _module_preset=&#8221;default&#8221; custom_margin=&#8221;||-11px||false|true&#8221; border_width_top=&#8221;6px&#8221; border_color_top=&#8221;#b3a368&#8243; global_colors_info=&#8221;{}&#8221;]<iframe loading=\"lazy\" src=\"https:\/\/www.komoot.com\/tour\/357591349\/embed\" width=\"100%\" height=\"580\" frameborder=\"0\" scrolling=\"no\" data-mce-fragment=\"1\"><\/iframe>[\/et_pb_fullwidth_code][\/et_pb_section]<\/p>\n","protected":false},"excerpt":{"rendered":"<p>Senderismo en la zonaDistancia 20kmDuraci\u00f3n5-6 horasDificultadMediaInformaci\u00f3nSaxum Visitor CenterSaxum &#8211; Park Ayalon Canada Ruta en apps de senderismo\u00a0 \u00a0 \u00a0 \u00a0 \u00a0 \u00a0 \u00a0 \u00a0 \u00a0 \u00a0 \u00a0 \u00a0 \u00a0 \u00a0 \u00a0 \u00a0 \u00a0\u00a0 \u00a0 \u00a0 \u00a0 Recorrer el Emmaus Trail es completa responsabilidad de cada excursionista. Antes de empezar, es recomendable leer las instrucciones de [&hellip;]<\/p>\n","protected":false},"author":8,"featured_media":0,"parent":0,"menu_order":0,"comment_status":"closed","ping_status":"closed","template":"","meta":{"_et_pb_use_builder":"on","_et_pb_old_content":"","_et_gb_content_width":"","footnotes":"","_links_to":"","_links_to_target":""},"class_list":["post-240450","page","type-page","status-publish","hentry"],"_links":{"self":[{"href":"https:\/\/www.saxum.org\/es\/wp-json\/wp\/v2\/pages\/240450","targetHints":{"allow":["GET"]}}],"collection":[{"href":"https:\/\/www.saxum.org\/es\/wp-json\/wp\/v2\/pages"}],"about":[{"href":"https:\/\/www.saxum.org\/es\/wp-json\/wp\/v2\/types\/page"}],"author":[{"embeddable":true,"href":"https:\/\/www.saxum.org\/es\/wp-json\/wp\/v2\/users\/8"}],"replies":[{"embeddable":true,"href":"https:\/\/www.saxum.org\/es\/wp-json\/wp\/v2\/comments?post=240450"}],"version-history":[{"count":0,"href":"https:\/\/www.saxum.org\/es\/wp-json\/wp\/v2\/pages\/240450\/revisions"}],"wp:attachment":[{"href":"https:\/\/www.saxum.org\/es\/wp-json\/wp\/v2\/media?parent=240450"}],"curies":[{"name":"wp","href":"https:\/\/api.w.org\/{rel}","templated":true}]}}