{"id":240448,"date":"2022-01-11T13:29:19","date_gmt":"2022-01-11T13:29:19","guid":{"rendered":"https:\/\/www.saxum.org\/?page_id=240448"},"modified":"2022-06-22T09:03:52","modified_gmt":"2022-06-22T09:03:52","slug":"que-es","status":"publish","type":"page","link":"https:\/\/www.saxum.org\/es\/que-es\/","title":{"rendered":"Qu\u00e9 es"},"content":{"rendered":"<p>[et_pb_section fb_built=&#8221;1&#8243; _builder_version=&#8221;4.16&#8243; _module_preset=&#8221;default&#8221; use_background_color_gradient=&#8221;on&#8221; background_color_gradient_stops=&#8221;rgba(0,0,0,0.1) 0%|rgba(0,0,0,0.1) 100%&#8221; background_color_gradient_overlays_image=&#8221;on&#8221; background_color_gradient_start=&#8221;rgba(0,0,0,0.1)&#8221; background_color_gradient_end=&#8221;rgba(0,0,0,0.1)&#8221; background_image=&#8221;https:\/\/www.saxum.org\/wp-content\/uploads\/2021\/12\/about-us-header.jpg&#8221; background_position=&#8221;top_left&#8221; custom_padding=&#8221;180px||120px||false|false&#8221; global_colors_info=&#8221;{}&#8221;][et_pb_row _builder_version=&#8221;4.16&#8243; _module_preset=&#8221;default&#8221; global_colors_info=&#8221;{}&#8221;][et_pb_column type=&#8221;4_4&#8243; _builder_version=&#8221;4.16&#8243; _module_preset=&#8221;default&#8221; global_colors_info=&#8221;{}&#8221;][et_pb_post_title meta=&#8221;off&#8221; featured_image=&#8221;off&#8221; _builder_version=&#8221;4.16&#8243; _module_preset=&#8221;default&#8221; title_text_align=&#8221;center&#8221; title_text_color=&#8221;#FFFFFF&#8221; title_font_size=&#8221;35px&#8221; custom_margin=&#8221;||0px||false|false&#8221; global_colors_info=&#8221;{}&#8221;][\/et_pb_post_title][et_pb_text _builder_version=&#8221;4.16&#8243; _module_preset=&#8221;default&#8221; header_3_font=&#8221;Roboto|||on|||||&#8221; header_3_text_align=&#8221;center&#8221; header_3_text_color=&#8221;#FFFFFF&#8221; header_3_font_size=&#8221;14px&#8221; header_3_letter_spacing=&#8221;2px&#8221; custom_margin=&#8221;||0px||false|false&#8221; global_colors_info=&#8221;{}&#8221;]<\/p>\n<h3>Saxum Visitor Center<\/h3>\n<p>[\/et_pb_text][\/et_pb_column][\/et_pb_row][\/et_pb_section][et_pb_section fb_built=&#8221;1&#8243; _builder_version=&#8221;4.16&#8243; _module_preset=&#8221;default&#8221; global_colors_info=&#8221;{}&#8221;][et_pb_row column_structure=&#8221;1_2,1_2&#8243; _builder_version=&#8221;4.16&#8243; _module_preset=&#8221;default&#8221; global_colors_info=&#8221;{}&#8221;][et_pb_column type=&#8221;1_2&#8243; _builder_version=&#8221;4.16&#8243; _module_preset=&#8221;default&#8221; global_colors_info=&#8221;{}&#8221;][et_pb_image src=&#8221;https:\/\/www.saxum.org\/wp-content\/uploads\/2021\/12\/saxum-about-us-1-a.jpg&#8221; title_text=&#8221;saxum-about-us-1-a&#8221; _builder_version=&#8221;4.16&#8243; _module_preset=&#8221;default&#8221; animation_style=&#8221;fade&#8221; box_shadow_style=&#8221;preset3&#8243; box_shadow_spread=&#8221;-10px&#8221; global_colors_info=&#8221;{}&#8221;][\/et_pb_image][\/et_pb_column][et_pb_column type=&#8221;1_2&#8243; _builder_version=&#8221;4.16&#8243; _module_preset=&#8221;default&#8221; global_colors_info=&#8221;{}&#8221;][et_pb_text _builder_version=&#8221;4.16&#8243; _module_preset=&#8221;default&#8221; header_3_font=&#8221;Roboto|||on|||||&#8221; header_3_text_color=&#8221;#b3a369&#8243; header_3_font_size=&#8221;14px&#8221; header_3_letter_spacing=&#8221;2px&#8221; custom_margin=&#8221;||0px||false|false&#8221; global_colors_info=&#8221;{}&#8221;]<\/p>\n<h3>Conocer Tierra Santa<\/h3>\n<p>[\/et_pb_text][et_pb_text _builder_version=&#8221;4.16&#8243; _module_preset=&#8221;default&#8221; header_2_font=&#8221;|300|||||||&#8221; header_2_font_size=&#8221;35px&#8221; header_3_font=&#8221;Roboto|||on|||||&#8221; header_3_font_size=&#8221;14px&#8221; header_3_letter_spacing=&#8221;1px&#8221; custom_margin=&#8221;||0px||false|false&#8221; global_colors_info=&#8221;{}&#8221;]<\/p>\n<h2>Qu\u00e9 es Saxum Visitor Center<\/h2>\n<p>[\/et_pb_text][et_pb_text _builder_version=&#8221;4.17.4&#8243; _module_preset=&#8221;default&#8221; text_font=&#8221;|300|||||||&#8221; hover_enabled=&#8221;0&#8243; global_colors_info=&#8221;{}&#8221; sticky_enabled=&#8221;0&#8243;]<\/p>\n<p>Saxum Visitor Center es un centro multimedia que ayuda a los visitantes a profundizar en el conocimiento de Tierra Santa de forma interactiva.<\/p>\n<p>La visita guiada ofrece un recorrido por los principales eventos de la historia sagrada, donde se integran y armonizan los aspectos b\u00edblicos, histo\u0301ricos y geogra\u0301ficos. La experiencia abarca el patrimonio de Tierra Santa desde Abraham hasta nuestros di\u0301as, pasando por los santos lugares en sus distintos periodos histo\u0301ricos.<\/p>\n<p>El visitante se sumerge en el relato a trave\u0301s de diversos recursos, como una li\u0301nea del tiempo, mapas, pantallas interactivas, reconstrucciones 3D, una maqueta de Jerusale\u0301n y una peli\u0301cula proyectada en 360\u00ba.<\/p>\n<p>Saxum Ltd (CC) es la entidad propietaria de Saxum Visitor Center.<\/p>\n<p>[\/et_pb_text][et_pb_button button_url=&#8221;#section2&#8243; button_text=&#8221;Leer m\u00e1s&#8221; _builder_version=&#8221;4.16&#8243; _module_preset=&#8221;default&#8221; custom_button=&#8221;on&#8221; button_icon=&#8221;&#x43;||divi||400&#8243; button_on_hover=&#8221;off&#8221; custom_margin=&#8221;20px|||-10px|false|false&#8221; global_colors_info=&#8221;{}&#8221;][\/et_pb_button][\/et_pb_column][\/et_pb_row][\/et_pb_section][et_pb_section fb_built=&#8221;1&#8243; disabled_on=&#8221;on|on|off&#8221; module_id=&#8221;section2&#8243; _builder_version=&#8221;4.16&#8243; _module_preset=&#8221;default&#8221; global_colors_info=&#8221;{}&#8221;][et_pb_row column_structure=&#8221;1_2,1_2&#8243; _builder_version=&#8221;4.16&#8243; _module_preset=&#8221;default&#8221; global_colors_info=&#8221;{}&#8221;][et_pb_column type=&#8221;1_2&#8243; _builder_version=&#8221;4.16&#8243; _module_preset=&#8221;default&#8221; global_colors_info=&#8221;{}&#8221;][et_pb_text _builder_version=&#8221;4.16&#8243; _module_preset=&#8221;default&#8221; header_3_font=&#8221;Roboto|||on|||||&#8221; header_3_text_color=&#8221;#b3a369&#8243; header_3_font_size=&#8221;14px&#8221; header_3_letter_spacing=&#8221;2px&#8221; custom_margin=&#8221;||0px||false|false&#8221; global_colors_info=&#8221;{}&#8221;]<\/p>\n<h3>Experiencia cultural y espiritual<\/h3>\n<p>[\/et_pb_text][et_pb_text _builder_version=&#8221;4.16&#8243; _module_preset=&#8221;default&#8221; header_2_font=&#8221;|300|||||||&#8221; header_2_font_size=&#8221;35px&#8221; header_3_font=&#8221;Roboto|||on|||||&#8221; header_3_font_size=&#8221;14px&#8221; header_3_letter_spacing=&#8221;1px&#8221; custom_margin=&#8221;||0px||false|false&#8221; global_colors_info=&#8221;{}&#8221;]<\/p>\n<h2>Visi\u00f3n<\/h2>\n<p>[\/et_pb_text][et_pb_text _builder_version=&#8221;4.16&#8243; _module_preset=&#8221;default&#8221; text_font=&#8221;|300|||||||&#8221; global_colors_info=&#8221;{}&#8221;]<\/p>\n<p>Saxum Visitor Center naci\u00f3 del deseo de acercar Tierra Santa a personas del mundo entero y de enriquecer la experiencia cultural y espiritual de todos los que vienen, independientemente de sus creencias, origen y contexto cultural.<\/p>\n<p>Los peregrinos descubrir\u00e1n un modo excepcional de revivir e interiorizar su viaje. Los gu\u00edas encontrar\u00e1n una herramienta en la que apoyar visualmente sus explicaciones. Para cualquier visitante, ser\u00e1 una experiencia de las diversas dimensiones de la herencia hist\u00f3rica y espiritual de esta tierra.<\/p>\n<p>Los gu\u00edas juegan un papel fundamental para que las peregrinaciones se vivan de manera profunda y relevante. Por esta raz\u00f3n, Saxum Visitor Center organiza cursos de especializaci\u00f3n tem\u00e1ticos a lo largo del a\u00f1o, como parte de su compromiso con la formaci\u00f3n de los gu\u00edas. <\/p>\n<p>[\/et_pb_text][et_pb_button button_url=&#8221;#section3&#8243; button_text=&#8221;Leer m\u00e1s&#8221; _builder_version=&#8221;4.16&#8243; _module_preset=&#8221;default&#8221; custom_button=&#8221;on&#8221; button_icon=&#8221;&#x43;||divi||400&#8243; button_on_hover=&#8221;off&#8221; custom_margin=&#8221;20px|||-10px|false|false&#8221; global_colors_info=&#8221;{}&#8221;][\/et_pb_button][\/et_pb_column][et_pb_column type=&#8221;1_2&#8243; _builder_version=&#8221;4.16&#8243; _module_preset=&#8221;default&#8221; global_colors_info=&#8221;{}&#8221;][et_pb_image src=&#8221;https:\/\/www.saxum.org\/wp-content\/uploads\/2022\/01\/saxum-about-us-2.jpg&#8221; title_text=&#8221;saxum-about-us-2&#8243; _builder_version=&#8221;4.16&#8243; _module_preset=&#8221;default&#8221; animation_style=&#8221;fade&#8221; box_shadow_style=&#8221;preset3&#8243; box_shadow_spread=&#8221;-10px&#8221; global_colors_info=&#8221;{}&#8221;][\/et_pb_image][\/et_pb_column][\/et_pb_row][\/et_pb_section][et_pb_section fb_built=&#8221;1&#8243; disabled_on=&#8221;off|off|on&#8221; module_id=&#8221;section2&#8243; _builder_version=&#8221;4.16&#8243; _module_preset=&#8221;default&#8221; global_colors_info=&#8221;{}&#8221;][et_pb_row column_structure=&#8221;1_2,1_2&#8243; _builder_version=&#8221;4.16&#8243; _module_preset=&#8221;default&#8221; global_colors_info=&#8221;{}&#8221;][et_pb_column type=&#8221;1_2&#8243; _builder_version=&#8221;4.16&#8243; _module_preset=&#8221;default&#8221; global_colors_info=&#8221;{}&#8221;][et_pb_image src=&#8221;https:\/\/www.saxum.org\/wp-content\/uploads\/2022\/01\/saxum-about-us-2.jpg&#8221; title_text=&#8221;saxum-about-us-2&#8243; _builder_version=&#8221;4.16&#8243; _module_preset=&#8221;default&#8221; animation_style=&#8221;fade&#8221; box_shadow_style=&#8221;preset3&#8243; box_shadow_spread=&#8221;-10px&#8221; global_colors_info=&#8221;{}&#8221;][\/et_pb_image][\/et_pb_column][et_pb_column type=&#8221;1_2&#8243; _builder_version=&#8221;4.16&#8243; _module_preset=&#8221;default&#8221; global_colors_info=&#8221;{}&#8221;][et_pb_text _builder_version=&#8221;4.16&#8243; _module_preset=&#8221;default&#8221; header_3_font=&#8221;Roboto|||on|||||&#8221; header_3_text_color=&#8221;#b3a369&#8243; header_3_font_size=&#8221;14px&#8221; header_3_letter_spacing=&#8221;2px&#8221; custom_margin=&#8221;||0px||false|false&#8221; global_colors_info=&#8221;{}&#8221;]<\/p>\n<h3>Experiencia cultural y espiritual<\/h3>\n<p>[\/et_pb_text][et_pb_text _builder_version=&#8221;4.16&#8243; _module_preset=&#8221;default&#8221; header_2_font=&#8221;|300|||||||&#8221; header_2_font_size=&#8221;35px&#8221; header_3_font=&#8221;Roboto|||on|||||&#8221; header_3_font_size=&#8221;14px&#8221; header_3_letter_spacing=&#8221;1px&#8221; custom_margin=&#8221;||0px||false|false&#8221; global_colors_info=&#8221;{}&#8221;]<\/p>\n<h2>Visi\u00f3n<\/h2>\n<p>[\/et_pb_text][et_pb_text _builder_version=&#8221;4.16&#8243; _module_preset=&#8221;default&#8221; text_font=&#8221;|300|||||||&#8221; global_colors_info=&#8221;{}&#8221;]<\/p>\n<p>Saxum Visitor Center naci\u00f3 del deseo de acercar Tierra Santa a personas del mundo entero y de enriquecer la experiencia cultural y espiritual de todos los que vienen, independientemente de sus creencias, origen y contexto cultural.<\/p>\n<p>Los peregrinos descubrir\u00e1n un modo excepcional de revivir e interiorizar su viaje. Los gu\u00edas encontrar\u00e1n una herramienta en la que apoyar visualmente sus explicaciones. Para cualquier visitante, ser\u00e1 una experiencia de las diversas dimensiones de la herencia hist\u00f3rica y espiritual de esta tierra.<\/p>\n<p>Los gu\u00edas juegan un papel fundamental para que las peregrinaciones se vivan de manera profunda y relevante. Por esta raz\u00f3n, Saxum Visitor Center organiza cursos de especializaci\u00f3n tem\u00e1ticos a lo largo del a\u00f1o, como parte de su compromiso con la formaci\u00f3n de los gu\u00edas. <\/p>\n<p>[\/et_pb_text][et_pb_button button_url=&#8221;#section3&#8243; button_text=&#8221;Leer m\u00e1s&#8221; _builder_version=&#8221;4.16&#8243; _module_preset=&#8221;default&#8221; custom_button=&#8221;on&#8221; button_icon=&#8221;&#x43;||divi||400&#8243; button_on_hover=&#8221;off&#8221; custom_margin=&#8221;20px|||-10px|false|false&#8221; global_colors_info=&#8221;{}&#8221;][\/et_pb_button][\/et_pb_column][\/et_pb_row][\/et_pb_section][et_pb_section fb_built=&#8221;1&#8243; module_id=&#8221;section3&#8243; _builder_version=&#8221;4.16&#8243; _module_preset=&#8221;default&#8221; global_colors_info=&#8221;{}&#8221;][et_pb_row column_structure=&#8221;1_2,1_2&#8243; _builder_version=&#8221;4.16&#8243; _module_preset=&#8221;default&#8221; global_colors_info=&#8221;{}&#8221;][et_pb_column type=&#8221;1_2&#8243; _builder_version=&#8221;4.16&#8243; _module_preset=&#8221;default&#8221; global_colors_info=&#8221;{}&#8221;][et_pb_image src=&#8221;https:\/\/www.saxum.org\/wp-content\/uploads\/2021\/12\/about-saxum-3-sq.jpg&#8221; title_text=&#8221;about-saxum-3-sq&#8221; _builder_version=&#8221;4.16&#8243; _module_preset=&#8221;default&#8221; animation_style=&#8221;fade&#8221; box_shadow_style=&#8221;preset3&#8243; box_shadow_spread=&#8221;-10px&#8221; global_colors_info=&#8221;{}&#8221;][\/et_pb_image][\/et_pb_column][et_pb_column type=&#8221;1_2&#8243; _builder_version=&#8221;4.16&#8243; _module_preset=&#8221;default&#8221; global_colors_info=&#8221;{}&#8221;][et_pb_text _builder_version=&#8221;4.16&#8243; _module_preset=&#8221;default&#8221; header_3_font=&#8221;Roboto|||on|||||&#8221; header_3_text_color=&#8221;#b3a369&#8243; header_3_font_size=&#8221;14px&#8221; header_3_letter_spacing=&#8221;2px&#8221; custom_margin=&#8221;||0px||false|false&#8221; global_colors_info=&#8221;{}&#8221;]<\/p>\n<h3>El suelo que Jes\u00fas pis\u00f3<\/h3>\n<p>[\/et_pb_text][et_pb_text _builder_version=&#8221;4.16&#8243; _module_preset=&#8221;default&#8221; header_2_font=&#8221;|300|||||||&#8221; header_2_font_size=&#8221;35px&#8221; header_3_font=&#8221;Roboto|||on|||||&#8221; header_3_font_size=&#8221;14px&#8221; header_3_letter_spacing=&#8221;1px&#8221; custom_margin=&#8221;||0px||false|false&#8221; global_colors_info=&#8221;{}&#8221;]<\/p>\n<h2>Inspiraci\u00f3n<\/h2>\n<p>[\/et_pb_text][et_pb_text _builder_version=&#8221;4.16&#8243; _module_preset=&#8221;default&#8221; text_font=&#8221;|300|||||||&#8221; global_colors_info=&#8221;{}&#8221;]<\/p>\n<p>El proyecto lo promueven fieles, cooperadores y amigos del Opus Dei, una instituci\u00f3n de la Iglesia Cat\u00f3lica cuyo mensaje recuerda que el trabajo profesional y la vida cotidiana se pueden convertir en ocasi\u00f3n de encuentro con Dios, tratando de servir a los dem\u00e1s y a la sociedad entera.<\/p>\n<p>San Josemar\u00eda Escriv\u00e1 de Balaguer (1902-1975), el fundador del Opus Dei, utilizaba el nombre &#8220;Saxum&#8221; -\u201croca\u201d en lat\u00edn- para referirse al beato \u00c1lvaro del Portillo, su m\u00e1s estrecho colaborador y primer sucesor, para subrayar su fidelidad y fortaleza. Aunque san Josemar\u00eda no pudo cumplir en vida su sue\u00f1o de peregrinar a Tierra Santa, albergaba la ilusi\u00f3n de que mucha gente pudiera \u201crezar, arrodillarse y besar el suelo que Jes\u00fas pis\u00f3\u201d.<\/p>\n<p>En marzo de 1994, monse\u00f1or del Portillo peregrin\u00f3 a Tierra Santa, donde el d\u00eda 23 celebr\u00f3 la que ser\u00eda su \u00faltima Misa en la capilla del Cen\u00e1culo. Fallecio\u0301 ese mismo d\u00eda tan so\u0301lo unas horas despue\u0301s de su llegada a Roma.<\/p>\n<p>Ese a\u00f1o, inspirados por el deseo de san Josemar\u00eda y en memoria de \u00c1lvaro del Portillo, algunos miembros del Opus Dei, junto con otros promotores, empezaron a idear el proyecto Saxum. La iniciativa se hizo realidad gracias a donaciones de gente de todo el mundo y al trabajo de muchas personas. Adem\u00e1s del Visitor Center, Saxum consta de un Conference Center, donde se organizan actividades de formaci\u00f3n cuya asistencia espiritual est\u00e1 confiada a la Prelatura del Opus Dei.<\/p>\n<p>Saxum Visitor Center fue inaugurado el 7 de febrero de 2019, con la participaci\u00f3n de autoridades civiles y religiosas, amigos y promotores del proyecto.<\/p>\n<p>[\/et_pb_text][et_pb_button button_url=&#8221;#section4&#8243; button_text=&#8221;Leer m\u00e1s&#8221; _builder_version=&#8221;4.16&#8243; _module_preset=&#8221;default&#8221; custom_button=&#8221;on&#8221; button_icon=&#8221;&#x43;||divi||400&#8243; button_on_hover=&#8221;off&#8221; custom_margin=&#8221;20px|||-10px|false|false&#8221; global_colors_info=&#8221;{}&#8221;][\/et_pb_button][\/et_pb_column][\/et_pb_row][\/et_pb_section][et_pb_section fb_built=&#8221;1&#8243; disabled_on=&#8221;on|on|off&#8221; module_id=&#8221;section4&#8243; _builder_version=&#8221;4.16&#8243; _module_preset=&#8221;default&#8221; global_colors_info=&#8221;{}&#8221;][et_pb_row column_structure=&#8221;1_2,1_2&#8243; _builder_version=&#8221;4.16&#8243; _module_preset=&#8221;default&#8221; global_colors_info=&#8221;{}&#8221;][et_pb_column type=&#8221;1_2&#8243; _builder_version=&#8221;4.16&#8243; _module_preset=&#8221;default&#8221; global_colors_info=&#8221;{}&#8221;][et_pb_text _builder_version=&#8221;4.16&#8243; _module_preset=&#8221;default&#8221; header_3_font=&#8221;Roboto|||on|||||&#8221; header_3_text_color=&#8221;#b3a369&#8243; header_3_font_size=&#8221;14px&#8221; header_3_letter_spacing=&#8221;2px&#8221; custom_margin=&#8221;||0px||false|false&#8221; global_colors_info=&#8221;{}&#8221;]<\/p>\n<h3>Di\u00e1logo intercultural<\/h3>\n<p>[\/et_pb_text][et_pb_text _builder_version=&#8221;4.16&#8243; _module_preset=&#8221;default&#8221; header_2_font=&#8221;|300|||||||&#8221; header_2_font_size=&#8221;35px&#8221; header_3_font=&#8221;Roboto|||on|||||&#8221; header_3_font_size=&#8221;14px&#8221; header_3_letter_spacing=&#8221;1px&#8221; custom_margin=&#8221;||0px||false|false&#8221; global_colors_info=&#8221;{}&#8221;]<\/p>\n<h2>Saxum International Foundation<\/h2>\n<p>[\/et_pb_text][et_pb_text _builder_version=&#8221;4.16&#8243; _module_preset=&#8221;default&#8221; text_font=&#8221;|300|||||||&#8221; global_colors_info=&#8221;{}&#8221;]<\/p>\n<p>Saxum International Foundation es una organizaci\u00f3n sin \u00e1nimo de lucro registrada en Italia. Su objetivo principal es ofrecer a personas de todo el mundo la posibilidad de llegar a un encuentro con Dios mediante un conocimiento m\u00e1s profundo e hist\u00f3rico de los lugares santos en los que Jes\u00fas vivi\u00f3, predic\u00f3 y actu\u00f3. Promueve el di\u00e1logo interreligioso e intercultural a partir de la herencia com\u00fan que representa Tierra Santa y colabora con Saxum Visitor Center promocionando sus programas y eventos en distintos pa\u00edses a trav\u00e9s de una red de Advisors.<\/p>\n<p>Saxum International Foundation puso en marcha el proyecto buscando los fondos necesarios para poder construir el centro. Gracias a la generosidad de muchos donantes de distintos pa\u00edses, este sue\u00f1o de San Josemar\u00eda es hoy una realidad.<\/p>\n<p>La Fundaci\u00f3n organiza peri\u00f3dicamente los Holy Land Dialogues, un programa de una semana en la tierra de Jesu\u0301s que combina las visitas a los lugares santos con la participaci\u00f3n en una jornada dedicada al di\u00e1logo. Los participantes, que vienen de diversos pa\u00edses del mundo, abordan, junto con expertos y en un contexto \u00fanico, los distintos enfoques y dimensiones de la cultura del di\u00e1logo.<\/p>\n<p>[\/et_pb_text][et_pb_button button_url=&#8221;@ET-DC@eyJkeW5hbWljIjp0cnVlLCJjb250ZW50IjoicG9zdF9saW5rX3VybF9wYWdlIiwic2V0dGluZ3MiOnsicG9zdF9pZCI6IjIyIn19@&#8221; button_text=&#8221;M\u00c1S INFO&#8221; _builder_version=&#8221;4.16&#8243; _dynamic_attributes=&#8221;button_url&#8221; _module_preset=&#8221;default&#8221; custom_margin=&#8221;20px|||-10px|false|false&#8221; global_colors_info=&#8221;{}&#8221;][\/et_pb_button][\/et_pb_column][et_pb_column type=&#8221;1_2&#8243; _builder_version=&#8221;4.16&#8243; _module_preset=&#8221;default&#8221; global_colors_info=&#8221;{}&#8221;][et_pb_image src=&#8221;https:\/\/www.saxum.org\/wp-content\/uploads\/2021\/12\/about-saxum-4-sq.jpg&#8221; title_text=&#8221;about-saxum-4-sq&#8221; _builder_version=&#8221;4.16&#8243; _module_preset=&#8221;default&#8221; animation_style=&#8221;fade&#8221; box_shadow_style=&#8221;preset3&#8243; box_shadow_spread=&#8221;-10px&#8221; global_colors_info=&#8221;{}&#8221;][\/et_pb_image][\/et_pb_column][\/et_pb_row][\/et_pb_section][et_pb_section fb_built=&#8221;1&#8243; disabled_on=&#8221;off|off|on&#8221; module_id=&#8221;section4&#8243; _builder_version=&#8221;4.16&#8243; _module_preset=&#8221;default&#8221; global_colors_info=&#8221;{}&#8221;][et_pb_row column_structure=&#8221;1_2,1_2&#8243; _builder_version=&#8221;4.16&#8243; _module_preset=&#8221;default&#8221; global_colors_info=&#8221;{}&#8221;][et_pb_column type=&#8221;1_2&#8243; _builder_version=&#8221;4.16&#8243; _module_preset=&#8221;default&#8221; global_colors_info=&#8221;{}&#8221;][et_pb_image src=&#8221;https:\/\/www.saxum.org\/wp-content\/uploads\/2021\/12\/about-saxum-4-sq.jpg&#8221; title_text=&#8221;about-saxum-4-sq&#8221; _builder_version=&#8221;4.16&#8243; _module_preset=&#8221;default&#8221; animation_style=&#8221;fade&#8221; box_shadow_style=&#8221;preset3&#8243; box_shadow_spread=&#8221;-10px&#8221; global_colors_info=&#8221;{}&#8221;][\/et_pb_image][\/et_pb_column][et_pb_column type=&#8221;1_2&#8243; _builder_version=&#8221;4.16&#8243; _module_preset=&#8221;default&#8221; global_colors_info=&#8221;{}&#8221;][et_pb_text _builder_version=&#8221;4.16&#8243; _module_preset=&#8221;default&#8221; header_3_font=&#8221;Roboto|||on|||||&#8221; header_3_text_color=&#8221;#b3a369&#8243; header_3_font_size=&#8221;14px&#8221; header_3_letter_spacing=&#8221;2px&#8221; custom_margin=&#8221;||0px||false|false&#8221; global_colors_info=&#8221;{}&#8221;]<\/p>\n<h3>Di\u00e1logo intercultural<\/h3>\n<p>[\/et_pb_text][et_pb_text _builder_version=&#8221;4.16&#8243; _module_preset=&#8221;default&#8221; header_2_font=&#8221;|300|||||||&#8221; header_2_font_size=&#8221;35px&#8221; header_3_font=&#8221;Roboto|||on|||||&#8221; header_3_font_size=&#8221;14px&#8221; header_3_letter_spacing=&#8221;1px&#8221; custom_margin=&#8221;||0px||false|false&#8221; global_colors_info=&#8221;{}&#8221;]<\/p>\n<h2>Saxum International Foundation<\/h2>\n<p>[\/et_pb_text][et_pb_text _builder_version=&#8221;4.16&#8243; _module_preset=&#8221;default&#8221; text_font=&#8221;|300|||||||&#8221; global_colors_info=&#8221;{}&#8221;]<\/p>\n<p>Saxum International Foundation es una organizaci\u00f3n sin \u00e1nimo de lucro registrada en Italia. Su objetivo principal es ofrecer a personas de todo el mundo la posibilidad de llegar a un encuentro con Dios mediante un conocimiento m\u00e1s profundo e hist\u00f3rico de los lugares santos en los que Jes\u00fas vivi\u00f3, predic\u00f3 y actu\u00f3. Promueve el di\u00e1logo interreligioso e intercultural a partir de la herencia com\u00fan que representa Tierra Santa y colabora con Saxum Visitor Center promocionando sus programas y eventos en distintos pa\u00edses a trav\u00e9s de una red de Advisors.<\/p>\n<p>Saxum International Foundation puso en marcha el proyecto buscando los fondos necesarios para poder construir el centro. Gracias a la generosidad de muchos donantes de distintos pa\u00edses, este sue\u00f1o de San Josemar\u00eda es hoy una realidad.<\/p>\n<p>La Fundaci\u00f3n organiza peri\u00f3dicamente los Holy Land Dialogues, un programa de una semana en la tierra de Jesu\u0301s que combina las visitas a los lugares santos con la participaci\u00f3n en una jornada dedicada al di\u00e1logo. Los participantes, que vienen de diversos pa\u00edses del mundo, abordan, junto con expertos y en un contexto \u00fanico, los distintos enfoques y dimensiones de la cultura del di\u00e1logo.<\/p>\n<p>[\/et_pb_text][et_pb_button button_url=&#8221;@ET-DC@eyJkeW5hbWljIjp0cnVlLCJjb250ZW50IjoicG9zdF9saW5rX3VybF9wYWdlIiwic2V0dGluZ3MiOnsicG9zdF9pZCI6IjIyIn19@&#8221; button_text=&#8221;M\u00c1S INFO&#8221; _builder_version=&#8221;4.16&#8243; _dynamic_attributes=&#8221;button_url&#8221; _module_preset=&#8221;default&#8221; custom_margin=&#8221;20px|||-10px|false|false&#8221; global_colors_info=&#8221;{}&#8221;][\/et_pb_button][\/et_pb_column][\/et_pb_row][\/et_pb_section]<\/p>\n","protected":false},"excerpt":{"rendered":"<p>Saxum Visitor Center Conocer Tierra SantaQu\u00e9 es Saxum Visitor CenterSaxum Visitor Center es un centro multimedia que ayuda a los visitantes a profundizar en el conocimiento de Tierra Santa de forma interactiva. La visita guiada ofrece un recorrido por los principales eventos de la historia sagrada, donde se integran y armonizan los aspectos b\u00edblicos, histo\u0301ricos [&hellip;]<\/p>\n","protected":false},"author":8,"featured_media":0,"parent":0,"menu_order":0,"comment_status":"closed","ping_status":"closed","template":"","meta":{"_et_pb_use_builder":"on","_et_pb_old_content":"","_et_gb_content_width":"","footnotes":"","_links_to":"","_links_to_target":""},"class_list":["post-240448","page","type-page","status-publish","hentry"],"_links":{"self":[{"href":"https:\/\/www.saxum.org\/es\/wp-json\/wp\/v2\/pages\/240448","targetHints":{"allow":["GET"]}}],"collection":[{"href":"https:\/\/www.saxum.org\/es\/wp-json\/wp\/v2\/pages"}],"about":[{"href":"https:\/\/www.saxum.org\/es\/wp-json\/wp\/v2\/types\/page"}],"author":[{"embeddable":true,"href":"https:\/\/www.saxum.org\/es\/wp-json\/wp\/v2\/users\/8"}],"replies":[{"embeddable":true,"href":"https:\/\/www.saxum.org\/es\/wp-json\/wp\/v2\/comments?post=240448"}],"version-history":[{"count":0,"href":"https:\/\/www.saxum.org\/es\/wp-json\/wp\/v2\/pages\/240448\/revisions"}],"wp:attachment":[{"href":"https:\/\/www.saxum.org\/es\/wp-json\/wp\/v2\/media?parent=240448"}],"curies":[{"name":"wp","href":"https:\/\/api.w.org\/{rel}","templated":true}]}}