{"id":238382,"date":"2021-12-29T17:04:49","date_gmt":"2021-12-29T17:04:49","guid":{"rendered":"https:\/\/www.saxum.org\/?page_id=238382"},"modified":"2023-01-19T14:11:00","modified_gmt":"2023-01-19T14:11:00","slug":"portico-de-la-biblia","status":"publish","type":"page","link":"https:\/\/www.saxum.org\/es\/portico-de-la-biblia\/","title":{"rendered":"P\u00f3rtico de la Biblia"},"content":{"rendered":"<p>[et_pb_section fb_built=&#8221;1&#8243; custom_padding_last_edited=&#8221;on|phone&#8221; _builder_version=&#8221;4.16&#8243; _module_preset=&#8221;default&#8221; use_background_color_gradient=&#8221;on&#8221; background_color_gradient_stops=&#8221;rgba(0,0,0,0.1) 0%|rgba(0,0,0,0.1) 100%&#8221; background_color_gradient_overlays_image=&#8221;on&#8221; background_color_gradient_start=&#8221;rgba(0,0,0,0.1)&#8221; background_color_gradient_end=&#8221;rgba(0,0,0,0.1)&#8221; background_image=&#8221;https:\/\/www.saxum.org\/wp-content\/uploads\/2021\/12\/resources-header.jpg&#8221; background_position=&#8221;top_left&#8221; custom_padding=&#8221;180px||120px||false|false&#8221; custom_padding_tablet=&#8221;90px||90px||false|false&#8221; custom_padding_phone=&#8221;&#8221; background_last_edited=&#8221;on|phone&#8221; use_background_color_gradient_tablet=&#8221;on&#8221; background_color_gradient_direction_tablet=&#8221;90deg&#8221; background_color_gradient_stops_tablet=&#8221;rgba(255,255,255,0.76) 0%|rgba(229,229,229,0) 100%&#8221; background_color_gradient_stops_phone=&#8221;rgba(255,255,255,0.76) 0%|rgba(229,229,229,0) 100%&#8221; background_color_gradient_start_tablet=&#8221;rgba(255,255,255,0.76)&#8221; background_color_gradient_end_tablet=&#8221;rgba(229,229,229,0)&#8221; background_position_tablet=&#8221;center&#8221; background_position_phone=&#8221;center&#8221; global_module=&#8221;1201&#8243; global_colors_info=&#8221;{}&#8221;][et_pb_row column_structure=&#8221;1_2,1_2&#8243; _builder_version=&#8221;4.16&#8243; _module_preset=&#8221;default&#8221; global_colors_info=&#8221;{}&#8221;][et_pb_column type=&#8221;1_2&#8243; _builder_version=&#8221;4.16&#8243; _module_preset=&#8221;default&#8221; global_colors_info=&#8221;{}&#8221;][\/et_pb_column][et_pb_column type=&#8221;1_2&#8243; _builder_version=&#8221;4.16&#8243; _module_preset=&#8221;default&#8221; global_colors_info=&#8221;{}&#8221;][et_pb_text _builder_version=&#8221;4.16&#8243; _module_preset=&#8221;default&#8221; header_text_color=&#8221;#000000&#8243; header_font_size=&#8221;35px&#8221; header_text_color_tablet=&#8221;#FFFFFF&#8221; header_text_color_last_edited=&#8221;off|tablet&#8221; global_colors_info=&#8221;{}&#8221;]<\/p>\n<h1>Recursos<\/h1>\n<p>[\/et_pb_text][et_pb_text _builder_version=&#8221;4.16&#8243; _module_preset=&#8221;default&#8221; header_3_font=&#8221;Roboto|||on|||||&#8221; header_3_text_align=&#8221;left&#8221; header_3_text_color=&#8221;#000000&#8243; header_3_font_size=&#8221;14px&#8221; header_3_letter_spacing=&#8221;2px&#8221; width_tablet=&#8221;&#8221; width_phone=&#8221;70%&#8221; width_last_edited=&#8221;on|phone&#8221; custom_margin=&#8221;||0px||false|false&#8221; header_3_text_color_tablet=&#8221;#FFFFFF&#8221; header_3_text_color_last_edited=&#8221;off|tablet&#8221; global_colors_info=&#8221;{}&#8221;]<\/p>\n<h3>Descubre Tierra Santa desde casa<\/h3>\n<p>[\/et_pb_text][et_pb_text _builder_version=&#8221;4.16&#8243; _module_preset=&#8221;default&#8221; text_font=&#8221;|300|||||||&#8221; text_text_color_tablet=&#8221;#FFFFFF&#8221; text_text_color_last_edited=&#8221;off|tablet&#8221; global_colors_info=&#8221;{}&#8221;]<\/p>\n<p>\u00bfTe gustar\u00eda saber m\u00e1s sobre Tierra Santa y la historia sagrada desde casa?<\/p>\n<p>Tanto si ya has viajado como si esperas hacerlo alg\u00fan d\u00eda, aqu\u00ed encontrar\u00e1s recursos digitales que te ayudar\u00e1n a preparar tu viaje o te devolver\u00e1n a los lugares que visitaste.<\/p>\n<p>[\/et_pb_text][\/et_pb_column][\/et_pb_row][\/et_pb_section][et_pb_section fb_built=&#8221;1&#8243; _builder_version=&#8221;4.16&#8243; _module_preset=&#8221;default&#8221; global_colors_info=&#8221;{}&#8221;][et_pb_row _builder_version=&#8221;4.16&#8243; _module_preset=&#8221;default&#8221; global_colors_info=&#8221;{}&#8221;][et_pb_column type=&#8221;4_4&#8243; _builder_version=&#8221;4.16&#8243; _module_preset=&#8221;default&#8221; global_colors_info=&#8221;{}&#8221;][et_pb_text disabled_on=&#8221;on|on|off&#8221; _builder_version=&#8221;4.16&#8243; _module_preset=&#8221;default&#8221; header_3_font=&#8221;Roboto|||on|||||&#8221; header_3_text_align=&#8221;center&#8221; header_3_text_color=&#8221;#000000&#8243; header_3_font_size=&#8221;14px&#8221; header_3_letter_spacing=&#8221;2px&#8221; custom_margin=&#8221;||0px||false|false&#8221; custom_padding=&#8221;0px|||||&#8221; global_colors_info=&#8221;{}&#8221;]<\/p>\n<h3><a href=\"\/es\/recursos\/\" class=\"deactive-resource\">V\u00eddeos<\/a>\u00a0 \u00a0 \u00a0 \u00a0 \u00a0 \u00a0 \u00a0 \u00a0 \u00a0 \u00a0 <a href=\"\/es\/recursos\/libros\/\" class=\"active-resource\">Libros<\/a>\u00a0 \u00a0 \u00a0 \u00a0 \u00a0 \u00a0 \u00a0 \u00a0 \u00a0 \u00a0 <a href=\"\/es\/recursos\/consejos\/\" class=\"deactive-resource\">Consejos<\/a><\/h3>\n<p>[\/et_pb_text][et_pb_text disabled_on=&#8221;off|off|on&#8221; _builder_version=&#8221;4.16&#8243; _module_preset=&#8221;default&#8221; header_3_font=&#8221;Roboto|||on|||||&#8221; header_3_text_align=&#8221;center&#8221; header_3_text_color=&#8221;#000000&#8243; header_3_font_size=&#8221;14px&#8221; header_3_letter_spacing=&#8221;2px&#8221; custom_margin=&#8221;||0px||false|false&#8221; global_colors_info=&#8221;{}&#8221;]<\/p>\n<h3><a href=\"\/es\/recursos\/\" class=\"deactive-resource\">V\u00eddeos<\/a>\u00a0 \u00a0 \u00a0 \u00a0 \u00a0 <a href=\"\/es\/recursos\/libros\/\" class=\"active-resource\">Libros<\/a>\u00a0 \u00a0 \u00a0 \u00a0 \u00a0 <a href=\"\/es\/recursos\/consejos\/\" class=\"deactive-resource\">Consejos<\/a><\/h3>\n<p>[\/et_pb_text][\/et_pb_column][\/et_pb_row][et_pb_row _builder_version=&#8221;4.16&#8243; _module_preset=&#8221;default&#8221; global_colors_info=&#8221;{}&#8221;][et_pb_column type=&#8221;4_4&#8243; _builder_version=&#8221;4.16&#8243; _module_preset=&#8221;default&#8221; global_colors_info=&#8221;{}&#8221;][et_pb_text _builder_version=&#8221;4.16&#8243; _module_preset=&#8221;default&#8221; header_3_font=&#8221;Roboto|||on|||||&#8221; header_3_text_align=&#8221;center&#8221; header_3_text_color=&#8221;#b3a369&#8243; header_3_font_size=&#8221;14px&#8221; header_3_letter_spacing=&#8221;2px&#8221; custom_margin=&#8221;||0px||false|false&#8221; global_colors_info=&#8221;{}&#8221;]<\/p>\n<h3>ESPA\u00d1OL<\/h3>\n<p>[\/et_pb_text][et_pb_text _builder_version=&#8221;4.16&#8243; _module_preset=&#8221;default&#8221; header_2_font=&#8221;|300|||||||&#8221; header_2_text_align=&#8221;center&#8221; header_2_font_size=&#8221;35px&#8221; header_3_font=&#8221;Roboto|||on|||||&#8221; header_3_font_size=&#8221;14px&#8221; header_3_letter_spacing=&#8221;1px&#8221; custom_margin=&#8221;||0px||false|false&#8221; global_colors_info=&#8221;{}&#8221;]<\/p>\n<h2>P\u00f3rtico de la Biblia<\/h2>\n<p>[\/et_pb_text][\/et_pb_column][\/et_pb_row][et_pb_row column_structure=&#8221;2_5,3_5&#8243; _builder_version=&#8221;4.16&#8243; _module_preset=&#8221;default&#8221; global_colors_info=&#8221;{}&#8221;][et_pb_column type=&#8221;2_5&#8243; _builder_version=&#8221;4.16&#8243; _module_preset=&#8221;default&#8221; global_colors_info=&#8221;{}&#8221;][et_pb_image src=&#8221;https:\/\/www.saxum.org\/wp-content\/uploads\/2021\/12\/Portico-cover.jpg&#8221; title_text=&#8221;Portico-cover&#8221; url=&#8221;https:\/\/www.saxum.org\/wp-content\/uploads\/2022\/06\/Portico.pdf&#8221; align=&#8221;center&#8221; _builder_version=&#8221;4.17.4&#8243; _module_preset=&#8221;default&#8221; width_tablet=&#8221;100%&#8221; width_phone=&#8221;100%&#8221; width_last_edited=&#8221;on|phone&#8221; box_shadow_style=&#8221;preset3&#8243; box_shadow_spread=&#8221;-10px&#8221; global_colors_info=&#8221;{}&#8221; transform_styles__hover_enabled=&#8221;on|hover&#8221; transform_scale__hover_enabled=&#8221;on|desktop&#8221; transform_translate__hover_enabled=&#8221;on|hover&#8221; transform_rotate__hover_enabled=&#8221;on|desktop&#8221; transform_skew__hover_enabled=&#8221;on|desktop&#8221; transform_origin__hover_enabled=&#8221;on|desktop&#8221; transform_scale__hover=&#8221;102%|102%&#8221; custom_css_main_element_last_edited=&#8221;off|tablet&#8221; custom_css_main_element_tablet=&#8221;\/&#8221;][\/et_pb_image][\/et_pb_column][et_pb_column type=&#8221;3_5&#8243; _builder_version=&#8221;4.16&#8243; _module_preset=&#8221;default&#8221; global_colors_info=&#8221;{}&#8221;][et_pb_text _builder_version=&#8221;4.16&#8243; _module_preset=&#8221;default&#8221; header_2_font=&#8221;|300|||||||&#8221; header_2_text_color=&#8221;#b3a368&#8243; header_2_font_size=&#8221;27px&#8221; header_3_font=&#8221;Roboto|||on|||||&#8221; header_3_font_size=&#8221;14px&#8221; header_3_letter_spacing=&#8221;1px&#8221; custom_margin=&#8221;||||false|false&#8221; global_colors_info=&#8221;{}&#8221;]<\/p>\n<h2>Recursos did\u00e1cticos para comprender la Biblia: cronolog\u00edas, mapas y gr\u00e1ficos de cada libro<\/h2>\n<p>[\/et_pb_text][et_pb_text _builder_version=&#8221;4.16&#8243; _module_preset=&#8221;default&#8221; header_3_font=&#8221;Roboto|||on|||||&#8221; header_3_font_size=&#8221;14px&#8221; header_3_letter_spacing=&#8221;2px&#8221; custom_margin=&#8221;||0px||false|false&#8221; global_colors_info=&#8221;{}&#8221;]<\/p>\n<h3>Caracter\u00edsticas<\/h3>\n<p>[\/et_pb_text][et_pb_text _builder_version=&#8221;4.16&#8243; _module_preset=&#8221;default&#8221; text_font=&#8221;|300|||||||&#8221; global_colors_info=&#8221;{}&#8221;]<\/p>\n<p>P\u00e1ginas: 136 p\u00e1ginas<br \/>Formato: 178 x 254 mm<br \/>Encuadernaci\u00f3n: Carton\u00e9<\/p>\n<p>[\/et_pb_text][et_pb_text _builder_version=&#8221;4.16&#8243; _module_preset=&#8221;default&#8221; header_3_font=&#8221;Roboto|||on|||||&#8221; header_3_font_size=&#8221;14px&#8221; header_3_letter_spacing=&#8221;2px&#8221; custom_margin=&#8221;||0px||false|false&#8221; global_colors_info=&#8221;{}&#8221;]<\/p>\n<h3>Descripci\u00f3n<\/h3>\n<p>[\/et_pb_text][et_pb_text _builder_version=&#8221;4.16&#8243; _module_preset=&#8221;default&#8221; text_font=&#8221;|300|||||||&#8221; global_colors_info=&#8221;{}&#8221;]<\/p>\n<p class=\"p1\">Esta publicaci\u00f3n preparada por Jes\u00fas Gil y Jose\u00e1ngel Dom\u00ednguez ofrece tres tipos de recursos visuales que ayudan a comprender mejor la Biblia:<\/p>\n<ul>\n<li class=\"p2\">Cronolog\u00edas de la historia de la salvaci\u00f3n desde Abrah\u00e1n hasta el presente.<\/li>\n<li class=\"p2\">Mapas de los acontecimientos m\u00e1s significativos del pueblo de Dios hasta la primera expansi\u00f3n de la Iglesia.<\/li>\n<li class=\"p2\">Gr\u00e1ficos explicativos de cada uno de los libros que forman el Antiguo y el Nuevo Testamento seg\u00fan el canon cat\u00f3lico.<\/li>\n<\/ul>\n<p><em>P\u00f3rtico de la Biblia<\/em><span>\u00a0<\/span>se convierte as\u00ed en una obra de consulta complementaria a las ediciones de la Biblia disponibles, a los manuales de introducci\u00f3n a la Sagrada Escritura, a las monograf\u00edas de estudios b\u00edblicos, a los libros de ense\u00f1anza de religi\u00f3n o de catequesis y, en general, a cualquier material did\u00e1ctico relacionado con la Palabra de Dios.<\/p>\n<p>[\/et_pb_text][et_pb_accordion closed_toggle_text_color=&#8221;#ffffff&#8221; closed_toggle_background_color=&#8221;#b3a369&#8243; icon_color=&#8221;#ffffff&#8221; _builder_version=&#8221;4.19.4&#8243; _module_preset=&#8221;default&#8221; toggle_font=&#8221;Roboto|||on|||||&#8221; toggle_font_size=&#8221;14px&#8221; toggle_letter_spacing=&#8221;1px&#8221; closed_toggle_font_size=&#8221;14px&#8221; closed_toggle_letter_spacing=&#8221;1px&#8221; body_font=&#8221;|300|||||||&#8221; hover_enabled=&#8221;0&#8243; border_width_all=&#8221;0px&#8221; global_colors_info=&#8221;{}&#8221; sticky_enabled=&#8221;0&#8243;][et_pb_accordion_item title=&#8221;PDF&#8221; open=&#8221;on&#8221; _builder_version=&#8221;4.19.4&#8243; _module_preset=&#8221;default&#8221; hover_enabled=&#8221;0&#8243; global_colors_info=&#8221;{}&#8221; sticky_enabled=&#8221;0&#8243;]<\/p>\n<p><span><a href=\"https:\/\/www.saxum.org\/download\/240190\/?tmstv=1674137284\">Descargar <\/a>formato a doble p\u00e1gina pensado para presentaciones, conferencias o clases.<\/span><br \/><span>ISBN: 979-12-80113-11-5<\/span><\/p>\n<p>[\/et_pb_accordion_item][et_pb_accordion_item title=&#8221;Fuera de Espa\u00f1a&#8221; _builder_version=&#8221;4.16&#8243; _module_preset=&#8221;default&#8221; global_colors_info=&#8221;{}&#8221; open=&#8221;off&#8221;]<\/p>\n<p>Encargar una impresi\u00f3n fuera de Espa\u00f1a por medio de <a href=\"https:\/\/www.lulu.com\/shop\/jose%C3%A1ngel-dom%C3%ADnguez-and-jes%C3%BAs-gil\/p%C3%B3rtico-de-la-biblia\/hardcover\/product-9vmwwz.html?page=1&amp;pageSize=4%20ISBN:%20979-12-80113-12-2\" target=\"_blank\" rel=\"noopener\">Lulu<\/a> (impresi\u00f3n y env\u00edo global).<\/p>\n<p>[\/et_pb_accordion_item][et_pb_accordion_item title=&#8221;Espa\u00f1a&#8221; _builder_version=&#8221;4.17.3&#8243; _module_preset=&#8221;default&#8221; global_colors_info=&#8221;{}&#8221; open=&#8221;off&#8221;]<\/p>\n<p><span>Adquirir el libro impreso en Espa\u00f1a<\/span><\/p>\n<p><span>ISBN: 979-12-80113-13-9<\/span><\/p>\n<p><a href=\"https:\/\/tienda.egersis.es\/libros\/154-portico-de-la-biblia.html\" target=\"_blank\" rel=\"noopener\">Egersis<\/a> (Distribuidor en Espa\u00f1a)<br \/><a href=\"https:\/\/www.amazon.es\/dp\/B09KF494LZ\/ref=cm_sw_em_r_mt_dp_SM71R8SA0GJNDS6ZCXHW\" target=\"_blank\" rel=\"noopener\">Amazon<\/a> (Env\u00edo desde Espa\u00f1a)<br \/><a href=\"https:\/\/www.troa.es\/libro\/portico-de-la-biblia_1223516\" target=\"_blank\" rel=\"noopener\">Troa Librer\u00edas<\/a><\/p>\n<p>[\/et_pb_accordion_item][\/et_pb_accordion][\/et_pb_column][\/et_pb_row][\/et_pb_section]<\/p>\n","protected":false},"excerpt":{"rendered":"<p>RecursosDescubre Tierra Santa desde casa\u00bfTe gustar\u00eda saber m\u00e1s sobre Tierra Santa y la historia sagrada desde casa? Tanto si ya has viajado como si esperas hacerlo alg\u00fan d\u00eda, aqu\u00ed encontrar\u00e1s recursos digitales que te ayudar\u00e1n a preparar tu viaje o te devolver\u00e1n a los lugares que visitaste.V\u00eddeos\u00a0 \u00a0 \u00a0 \u00a0 \u00a0 \u00a0 \u00a0 \u00a0 \u00a0 [&hellip;]<\/p>\n","protected":false},"author":8,"featured_media":0,"parent":0,"menu_order":0,"comment_status":"closed","ping_status":"closed","template":"","meta":{"_et_pb_use_builder":"on","_et_pb_old_content":"","_et_gb_content_width":"","footnotes":"","_links_to":"","_links_to_target":""},"class_list":["post-238382","page","type-page","status-publish","hentry"],"_links":{"self":[{"href":"https:\/\/www.saxum.org\/es\/wp-json\/wp\/v2\/pages\/238382","targetHints":{"allow":["GET"]}}],"collection":[{"href":"https:\/\/www.saxum.org\/es\/wp-json\/wp\/v2\/pages"}],"about":[{"href":"https:\/\/www.saxum.org\/es\/wp-json\/wp\/v2\/types\/page"}],"author":[{"embeddable":true,"href":"https:\/\/www.saxum.org\/es\/wp-json\/wp\/v2\/users\/8"}],"replies":[{"embeddable":true,"href":"https:\/\/www.saxum.org\/es\/wp-json\/wp\/v2\/comments?post=238382"}],"version-history":[{"count":0,"href":"https:\/\/www.saxum.org\/es\/wp-json\/wp\/v2\/pages\/238382\/revisions"}],"wp:attachment":[{"href":"https:\/\/www.saxum.org\/es\/wp-json\/wp\/v2\/media?parent=238382"}],"curies":[{"name":"wp","href":"https:\/\/api.w.org\/{rel}","templated":true}]}}